{"id":998,"date":"2020-07-17T13:33:30","date_gmt":"2020-07-17T13:33:30","guid":{"rendered":"https:\/\/www.atvquadotwock.pl\/sklep\/?post_type=product&#038;p=998"},"modified":"2024-01-20T12:26:05","modified_gmt":"2024-01-20T12:26:05","slug":"poszerzenia-blotnikow-cfmoto-550-600-komplet","status":"publish","type":"product","link":"https:\/\/www.atvquadotwock.pl\/sklep\/produkt\/poszerzenia-blotnikow-cfmoto-550-600-komplet\/","title":{"rendered":"Poszerzenia nadkoli b\u0142otnik\u00f3w CFMOTO 550 600 &#8211; komplet"},"content":{"rendered":"<p>W zestawie 4szt + spinki.<\/p>\n<p>Nadkola poszerza o 5cm. Idealna sprawa po monta\u017cu dystans\u00f3w k\u00f3\u0142.<\/p>\n<p>Wykonane z mi\u0119kkiego plastiku, po uderzeniu wraca ponownie do swojego kszta\u0142tu.<\/p>\n","protected":false},"excerpt":{"rendered":"<p>W zestawie 4szt + spinki. Nadkola poszerza o 5cm. Idealna sprawa po monta\u017cu dystans\u00f3w k\u00f3\u0142. Wykonane z mi\u0119kkiego plastiku, po&hellip;<\/p>\n","protected":false},"featured_media":999,"template":"","meta":{"spay_email":""},"product_cat":[87],"product_tag":[],"woo-feed-brand":[],"acf":[],"_links":{"self":[{"href":"https:\/\/www.atvquadotwock.pl\/sklep\/wp-json\/wp\/v2\/product\/998"}],"collection":[{"href":"https:\/\/www.atvquadotwock.pl\/sklep\/wp-json\/wp\/v2\/product"}],"about":[{"href":"https:\/\/www.atvquadotwock.pl\/sklep\/wp-json\/wp\/v2\/types\/product"}],"wp:featuredmedia":[{"embeddable":true,"href":"https:\/\/www.atvquadotwock.pl\/sklep\/wp-json\/wp\/v2\/media\/999"}],"wp:attachment":[{"href":"https:\/\/www.atvquadotwock.pl\/sklep\/wp-json\/wp\/v2\/media?parent=998"}],"wp:term":[{"taxonomy":"product_cat","embeddable":true,"href":"https:\/\/www.atvquadotwock.pl\/sklep\/wp-json\/wp\/v2\/product_cat?post=998"},{"taxonomy":"product_tag","embeddable":true,"href":"https:\/\/www.atvquadotwock.pl\/sklep\/wp-json\/wp\/v2\/product_tag?post=998"},{"taxonomy":"woo-feed-brand","embeddable":true,"href":"https:\/\/www.atvquadotwock.pl\/sklep\/wp-json\/wp\/v2\/woo-feed-brand?post=998"}],"curies":[{"name":"wp","href":"https:\/\/api.w.org\/{rel}","templated":true}]}}