{"id":9947,"date":"2025-07-09T07:16:39","date_gmt":"2025-07-09T07:16:39","guid":{"rendered":"https:\/\/www.atvquadotwock.pl\/sklep\/?post_type=product&#038;p=9947"},"modified":"2025-07-28T13:06:18","modified_gmt":"2025-07-28T13:06:18","slug":"relokator-do-chlodnicy-do-cfmoto-850-gen3-1000-rival","status":"publish","type":"product","link":"https:\/\/www.atvquadotwock.pl\/sklep\/produkt\/relokator-do-chlodnicy-do-cfmoto-850-gen3-1000-rival\/","title":{"rendered":"relokator do ch\u0142odnicy do CFMOTO 850 GEN3 1000 rival"},"content":{"rendered":"<p>w zestawie s\u0105 \u015brubki, w\u0119\u017ce wodne i stela\u017c do generacji 3.<\/p>\n<p>(RELOKACJA Z SNORKLAMI na innym og\u0142oszeniu)<\/p>\n","protected":false},"excerpt":{"rendered":"<p>w zestawie s\u0105 \u015brubki, w\u0119\u017ce wodne i stela\u017c do generacji 3. (RELOKACJA Z SNORKLAMI na innym og\u0142oszeniu)<\/p>\n","protected":false},"featured_media":9952,"template":"","meta":{"spay_email":""},"product_cat":[36],"product_tag":[],"woo-feed-brand":[],"acf":[],"_links":{"self":[{"href":"https:\/\/www.atvquadotwock.pl\/sklep\/wp-json\/wp\/v2\/product\/9947"}],"collection":[{"href":"https:\/\/www.atvquadotwock.pl\/sklep\/wp-json\/wp\/v2\/product"}],"about":[{"href":"https:\/\/www.atvquadotwock.pl\/sklep\/wp-json\/wp\/v2\/types\/product"}],"wp:featuredmedia":[{"embeddable":true,"href":"https:\/\/www.atvquadotwock.pl\/sklep\/wp-json\/wp\/v2\/media\/9952"}],"wp:attachment":[{"href":"https:\/\/www.atvquadotwock.pl\/sklep\/wp-json\/wp\/v2\/media?parent=9947"}],"wp:term":[{"taxonomy":"product_cat","embeddable":true,"href":"https:\/\/www.atvquadotwock.pl\/sklep\/wp-json\/wp\/v2\/product_cat?post=9947"},{"taxonomy":"product_tag","embeddable":true,"href":"https:\/\/www.atvquadotwock.pl\/sklep\/wp-json\/wp\/v2\/product_tag?post=9947"},{"taxonomy":"woo-feed-brand","embeddable":true,"href":"https:\/\/www.atvquadotwock.pl\/sklep\/wp-json\/wp\/v2\/woo-feed-brand?post=9947"}],"curies":[{"name":"wp","href":"https:\/\/api.w.org\/{rel}","templated":true}]}}