{"id":9942,"date":"2025-07-09T07:11:34","date_gmt":"2025-07-09T07:11:34","guid":{"rendered":"https:\/\/www.atvquadotwock.pl\/sklep\/?post_type=product&#038;p=9942"},"modified":"2025-07-28T13:08:33","modified_gmt":"2025-07-28T13:08:33","slug":"relokator-do-chlodnicyz-snorklami-do-cfmoto-850-gen3-1000-z-platformami","status":"publish","type":"product","link":"https:\/\/www.atvquadotwock.pl\/sklep\/produkt\/relokator-do-chlodnicyz-snorklami-do-cfmoto-850-gen3-1000-z-platformami\/","title":{"rendered":"relokator do ch\u0142odnicy + snorkle do CFMOTO 850 GEN3 1000 z platformami rival"},"content":{"rendered":"<p>w zestawie s\u0105 \u015brubki, w\u0119\u017ce wodne, w\u0119\u017ce snorkle i stela\u017c do generacji 3. wraz z platformami bocznymi.<\/p>\n","protected":false},"excerpt":{"rendered":"<p>w zestawie s\u0105 \u015brubki, w\u0119\u017ce wodne, w\u0119\u017ce snorkle i stela\u017c do generacji 3. wraz z platformami bocznymi.<\/p>\n","protected":false},"featured_media":9944,"template":"","meta":{"spay_email":""},"product_cat":[36],"product_tag":[],"woo-feed-brand":[],"acf":[],"_links":{"self":[{"href":"https:\/\/www.atvquadotwock.pl\/sklep\/wp-json\/wp\/v2\/product\/9942"}],"collection":[{"href":"https:\/\/www.atvquadotwock.pl\/sklep\/wp-json\/wp\/v2\/product"}],"about":[{"href":"https:\/\/www.atvquadotwock.pl\/sklep\/wp-json\/wp\/v2\/types\/product"}],"wp:featuredmedia":[{"embeddable":true,"href":"https:\/\/www.atvquadotwock.pl\/sklep\/wp-json\/wp\/v2\/media\/9944"}],"wp:attachment":[{"href":"https:\/\/www.atvquadotwock.pl\/sklep\/wp-json\/wp\/v2\/media?parent=9942"}],"wp:term":[{"taxonomy":"product_cat","embeddable":true,"href":"https:\/\/www.atvquadotwock.pl\/sklep\/wp-json\/wp\/v2\/product_cat?post=9942"},{"taxonomy":"product_tag","embeddable":true,"href":"https:\/\/www.atvquadotwock.pl\/sklep\/wp-json\/wp\/v2\/product_tag?post=9942"},{"taxonomy":"woo-feed-brand","embeddable":true,"href":"https:\/\/www.atvquadotwock.pl\/sklep\/wp-json\/wp\/v2\/woo-feed-brand?post=9942"}],"curies":[{"name":"wp","href":"https:\/\/api.w.org\/{rel}","templated":true}]}}