{"id":99,"date":"2020-05-03T17:25:00","date_gmt":"2020-05-03T17:25:00","guid":{"rendered":"https:\/\/www.atvquadotwock.pl\/sklep\/?post_type=product&#038;p=99"},"modified":"2023-03-08T14:55:23","modified_gmt":"2023-03-08T14:55:23","slug":"zestaw-naprawczy-pompy-wody-cfmoto","status":"publish","type":"product","link":"https:\/\/www.atvquadotwock.pl\/sklep\/produkt\/zestaw-naprawczy-pompy-wody-cfmoto\/","title":{"rendered":"ZESTAW NAPRAWCZY POMPY WODY CFMOTO 450 520 550 600 625"},"content":{"rendered":"<p>CFMOTO 450 520 550 600 625<br \/>\nJE\u015aLI P\u0141YN CIEKNIE JAK QUAD STOI z w\u0119\u017cyka po lewej &#8211; TEN ZESTAW JEST W\u0141A\u015aNIE DLA CIEBIE.<\/p>\n<p>&nbsp;<\/p>\n<p>sk\u0142ada si\u0119 z:<\/p>\n<p>uszczelki 0GR0-014002<\/p>\n<p>uszczelniacza pompy wody 0700-081200<\/p>\n<p>uszczelniacza olejowego 0110-080005 o wymiarach 10x20x5<\/p>\n","protected":false},"excerpt":{"rendered":"<p>CFMOTO 450 520 550 600 625 JE\u015aLI P\u0141YN CIEKNIE JAK QUAD STOI z w\u0119\u017cyka po lewej &#8211; TEN ZESTAW JEST&hellip;<\/p>\n","protected":false},"featured_media":100,"template":"","meta":{"spay_email":""},"product_cat":[90,91,92,93,106,42],"product_tag":[],"woo-feed-brand":[],"acf":[],"_links":{"self":[{"href":"https:\/\/www.atvquadotwock.pl\/sklep\/wp-json\/wp\/v2\/product\/99"}],"collection":[{"href":"https:\/\/www.atvquadotwock.pl\/sklep\/wp-json\/wp\/v2\/product"}],"about":[{"href":"https:\/\/www.atvquadotwock.pl\/sklep\/wp-json\/wp\/v2\/types\/product"}],"wp:featuredmedia":[{"embeddable":true,"href":"https:\/\/www.atvquadotwock.pl\/sklep\/wp-json\/wp\/v2\/media\/100"}],"wp:attachment":[{"href":"https:\/\/www.atvquadotwock.pl\/sklep\/wp-json\/wp\/v2\/media?parent=99"}],"wp:term":[{"taxonomy":"product_cat","embeddable":true,"href":"https:\/\/www.atvquadotwock.pl\/sklep\/wp-json\/wp\/v2\/product_cat?post=99"},{"taxonomy":"product_tag","embeddable":true,"href":"https:\/\/www.atvquadotwock.pl\/sklep\/wp-json\/wp\/v2\/product_tag?post=99"},{"taxonomy":"woo-feed-brand","embeddable":true,"href":"https:\/\/www.atvquadotwock.pl\/sklep\/wp-json\/wp\/v2\/woo-feed-brand?post=99"}],"curies":[{"name":"wp","href":"https:\/\/api.w.org\/{rel}","templated":true}]}}