{"id":983,"date":"2020-07-08T13:02:15","date_gmt":"2020-07-08T13:02:15","guid":{"rendered":"https:\/\/www.atvquadotwock.pl\/sklep\/?post_type=product&#038;p=983"},"modified":"2024-01-12T14:54:51","modified_gmt":"2024-01-12T14:54:51","slug":"kask-ls2-ff397-vector-solid-matt-black-3xl","status":"publish","type":"product","link":"https:\/\/www.atvquadotwock.pl\/sklep\/produkt\/kask-ls2-ff397-vector-solid-matt-black-3xl\/","title":{"rendered":"KASK LS2 FF397 VECTOR SOLID MATT BLACK 3XL"},"content":{"rendered":"<p>SKORUPA<\/p>\n<p>homologacja ECE 22.05 (Gwarantuj\u0105ca m.in. bezpiecze\u0144stwo, odporno\u015b\u0107 na zdzieranie, wytrzyma\u0142o\u015b\u0107 zapi\u0119cia)<br \/>\nwaga 1390\u00b1 50<br \/>\nprodukowane rozmiary XXS-3XL<br \/>\nmateria\u0142 HPFC (ultra lekki kompozyt w\u0142\u00f3kna szklanego i \u017cywicy)<br \/>\ntrzy rozmiary skorupy<br \/>\nkszta\u0142t &#8211; d\u0142ugi owal<br \/>\nWN\u0118TRZE<\/p>\n<p>wypinana wy\u015bci\u00f3\u0142ka, nadaj\u0105ca si\u0119 do prania<br \/>\nwy\u015bci\u00f3\u0142ka z tkaniny oddychaj\u0105cej<br \/>\nhypoalergiczne wn\u0119trze kasku<br \/>\nlaserowo docinana pianka<br \/>\nwk\u0142adka podbr\u00f3dkowa minimalizuj\u0105c przep\u0142yw wiatru do twarzy kierowcy, zwi\u0119ksza komfort jazdy. Kurtyna jest wyjmowalna co pozwala jeszcze bardziej zwi\u0119kszy\u0107 przyjemno\u015b\u0107 z jazdy w upalne dni.<br \/>\ndeflektor pod wizjerem kieruje wydychane powietrze w d\u00f3\u0142 ograniczaj\u0105c parowanie szyby<br \/>\nochraniacz szyi mocowany magnetycznie<br \/>\nprzystosowany do inercomu LINKIN Ride Pal<br \/>\nWIZJER<\/p>\n<p>blenda przeciws\u0142oneczna<br \/>\nprecyzyjny mechanizm zamykania z zatrzaskiem pozwalaj\u0105cym na prost\u0105 wymian\u0119 szybki bez u\u017cycia narz\u0119dzi<br \/>\nodporny na zarysowania<br \/>\nodporny na promieniowanie UV<br \/>\nzwi\u0119kszona odporno\u015b\u0107 szybki na zaparowanie<br \/>\nAnti Fog System &#8211; specjalna wk\u0142adka (w zestawie) montowana na wewn\u0119trzn\u0105 stron\u0119 szybki. Tworzy to &#8220;podw\u00f3jn\u0105 szyb\u0119&#8221; z izolacyjn\u0105 warstw\u0105 powietrza wewn\u0105trz, poprawiaj\u0105c\u0105 komfort widzenia w czasie r\u00f3\u017cnicy temperatur pomi\u0119dzy wn\u0119trzem, a zewn\u0119trzem kasku.<br \/>\nOCHRONA<\/p>\n<p>zamkni\u0119cie mikrometryczne<br \/>\nEmergency Release System &#8211; system awaryjnego, szybkiego wyjmowania bocznej wy\u015bci\u00f3\u0142ki. W razie wypadku, umo\u017cliwia \u0142atwe uzyskanie dodatkowego miejsca, by zdj\u0105\u0107 kask z minimalnym ruchem g\u0142owy i szyi motocyklisty.<br \/>\nwzmocniony pasek otwierania o du\u017cej \u017cywotno\u015bci<br \/>\np\u0142ytka kotwiczna &#8211; wzmacnia mocowanie ta\u015bm zapi\u0119cia do skorupy<br \/>\nwstawki odblaskowe \u015bwiec\u0105ce w \u015bwietle reflektor\u00f3w, zwi\u0119kszaj\u0105 bezpiecze\u0144stwo podczas jazdy w nocy lub przy s\u0142abej widoczno\u015bci<br \/>\nEPS zr\u00f3\u017cnicowanej g\u0119sto\u015bci<br \/>\nko\u0142nierz szyjny<br \/>\nWENTYLACJA<\/p>\n<p>EPS z kana\u0142ami wentylacyjnymi<br \/>\nwloty: g\u00f3rny, przedni<br \/>\nwylot tylny<br \/>\n2-stopniowa wentylacja przednia<\/p>\n","protected":false},"excerpt":{"rendered":"<p>SKORUPA homologacja ECE 22.05 (Gwarantuj\u0105ca m.in. bezpiecze\u0144stwo, odporno\u015b\u0107 na zdzieranie, wytrzyma\u0142o\u015b\u0107 zapi\u0119cia) waga 1390\u00b1 50 produkowane rozmiary XXS-3XL materia\u0142 HPFC&hellip;<\/p>\n","protected":false},"featured_media":981,"template":"","meta":{"spay_email":""},"product_cat":[61],"product_tag":[],"woo-feed-brand":[],"acf":[],"_links":{"self":[{"href":"https:\/\/www.atvquadotwock.pl\/sklep\/wp-json\/wp\/v2\/product\/983"}],"collection":[{"href":"https:\/\/www.atvquadotwock.pl\/sklep\/wp-json\/wp\/v2\/product"}],"about":[{"href":"https:\/\/www.atvquadotwock.pl\/sklep\/wp-json\/wp\/v2\/types\/product"}],"wp:featuredmedia":[{"embeddable":true,"href":"https:\/\/www.atvquadotwock.pl\/sklep\/wp-json\/wp\/v2\/media\/981"}],"wp:attachment":[{"href":"https:\/\/www.atvquadotwock.pl\/sklep\/wp-json\/wp\/v2\/media?parent=983"}],"wp:term":[{"taxonomy":"product_cat","embeddable":true,"href":"https:\/\/www.atvquadotwock.pl\/sklep\/wp-json\/wp\/v2\/product_cat?post=983"},{"taxonomy":"product_tag","embeddable":true,"href":"https:\/\/www.atvquadotwock.pl\/sklep\/wp-json\/wp\/v2\/product_tag?post=983"},{"taxonomy":"woo-feed-brand","embeddable":true,"href":"https:\/\/www.atvquadotwock.pl\/sklep\/wp-json\/wp\/v2\/woo-feed-brand?post=983"}],"curies":[{"name":"wp","href":"https:\/\/api.w.org\/{rel}","templated":true}]}}