{"id":97,"date":"2020-05-03T17:22:45","date_gmt":"2020-05-03T17:22:45","guid":{"rendered":"https:\/\/www.atvquadotwock.pl\/sklep\/?post_type=product&#038;p=97"},"modified":"2026-01-12T10:02:11","modified_gmt":"2026-01-12T10:02:11","slug":"odblokowanie-modulu-cfmoto","status":"publish","type":"product","link":"https:\/\/www.atvquadotwock.pl\/sklep\/produkt\/odblokowanie-modulu-cfmoto\/","title":{"rendered":"ODBLOKOWANIE MODU\u0141U CFMOTO OD 600 Z\u0141"},"content":{"rendered":"<p>CFMOTO 520 550 600 850 1000<br \/>\nODBLOKOWANIE V-MAX W KOMPUTERACH CFMOTO.<br \/>\nJAKO, \u017bE JESTE\u015aMY AUTORYZOWANYM SALONEM I SERWISEM NIE TRAC\u0104 PA\u0143STWO GWARANCJI.<br \/>\nADNOTACJA ZOSTAJE WPISANA W KSI\u0104\u017bK\u0118 GWARANCYJN\u0104.<\/p>\n<p>Cena za CFMOTO 520 550 600 800 820 850<\/p>\n<p>CENA ZA CFMOTO 450, 520, 550 &#8211; 600 Z\u0141<\/p>\n<p>CENA ZA CFMOTO 625 &#8211; 900 Z\u0141<\/p>\n<p>CENA ZA CFMOTO 850 &#8211; 900 Z\u0141<\/p>\n<p>Cena za CFMOTO 1000 &#8211; 900Z\u0141<\/p>\n<p>US\u0141UGA POLEGA NA MODYFIKACJI PA\u0143STWA STEROWNIKA. Na innej aukcji mo\u017cna kupi\u0107 nowy komputer ju\u017c odblokowany.<\/p>\n<p>instrukcja:<br \/>\n1. wyjmujesz sw\u00f3j komputer<br \/>\n2. przesy\u0142asz do nas<br \/>\n3. kilka dni roboczych<br \/>\n4. wys\u0142any zostaje do pa\u0144stwa<\/p>\n","protected":false},"excerpt":{"rendered":"<p>CFMOTO 520 550 600 850 1000 ODBLOKOWANIE V-MAX W KOMPUTERACH CFMOTO. JAKO, \u017bE JESTE\u015aMY AUTORYZOWANYM SALONEM I SERWISEM NIE TRAC\u0104&hellip;<\/p>\n","protected":false},"featured_media":98,"template":"","meta":{"spay_email":""},"product_cat":[90,91,92,93,106,95,96,97,98,109,107,111,113,108,110,20],"product_tag":[],"woo-feed-brand":[],"acf":[],"_links":{"self":[{"href":"https:\/\/www.atvquadotwock.pl\/sklep\/wp-json\/wp\/v2\/product\/97"}],"collection":[{"href":"https:\/\/www.atvquadotwock.pl\/sklep\/wp-json\/wp\/v2\/product"}],"about":[{"href":"https:\/\/www.atvquadotwock.pl\/sklep\/wp-json\/wp\/v2\/types\/product"}],"wp:featuredmedia":[{"embeddable":true,"href":"https:\/\/www.atvquadotwock.pl\/sklep\/wp-json\/wp\/v2\/media\/98"}],"wp:attachment":[{"href":"https:\/\/www.atvquadotwock.pl\/sklep\/wp-json\/wp\/v2\/media?parent=97"}],"wp:term":[{"taxonomy":"product_cat","embeddable":true,"href":"https:\/\/www.atvquadotwock.pl\/sklep\/wp-json\/wp\/v2\/product_cat?post=97"},{"taxonomy":"product_tag","embeddable":true,"href":"https:\/\/www.atvquadotwock.pl\/sklep\/wp-json\/wp\/v2\/product_tag?post=97"},{"taxonomy":"woo-feed-brand","embeddable":true,"href":"https:\/\/www.atvquadotwock.pl\/sklep\/wp-json\/wp\/v2\/woo-feed-brand?post=97"}],"curies":[{"name":"wp","href":"https:\/\/api.w.org\/{rel}","templated":true}]}}