{"id":9584,"date":"2025-05-14T08:25:54","date_gmt":"2025-05-14T08:25:54","guid":{"rendered":"https:\/\/www.atvquadotwock.pl\/sklep\/?post_type=product&#038;p=9584"},"modified":"2025-05-14T08:25:54","modified_gmt":"2025-05-14T08:25:54","slug":"relokator-do-chlodnicy-cfmoto-850-1000-gen3","status":"publish","type":"product","link":"https:\/\/www.atvquadotwock.pl\/sklep\/produkt\/relokator-do-chlodnicy-cfmoto-850-1000-gen3\/","title":{"rendered":"relokator do ch\u0142odnicy CFMOTO 850\/1000 gen3"},"content":{"rendered":"<p>w zestawie s\u0105 \u015brubki, w\u0119\u017ce i stela\u017c do generacji 3.<\/p>\n","protected":false},"excerpt":{"rendered":"<p>w zestawie s\u0105 \u015brubki, w\u0119\u017ce i stela\u017c do generacji 3.<\/p>\n","protected":false},"featured_media":9585,"template":"","meta":{"spay_email":""},"product_cat":[36],"product_tag":[],"woo-feed-brand":[],"acf":[],"_links":{"self":[{"href":"https:\/\/www.atvquadotwock.pl\/sklep\/wp-json\/wp\/v2\/product\/9584"}],"collection":[{"href":"https:\/\/www.atvquadotwock.pl\/sklep\/wp-json\/wp\/v2\/product"}],"about":[{"href":"https:\/\/www.atvquadotwock.pl\/sklep\/wp-json\/wp\/v2\/types\/product"}],"wp:featuredmedia":[{"embeddable":true,"href":"https:\/\/www.atvquadotwock.pl\/sklep\/wp-json\/wp\/v2\/media\/9585"}],"wp:attachment":[{"href":"https:\/\/www.atvquadotwock.pl\/sklep\/wp-json\/wp\/v2\/media?parent=9584"}],"wp:term":[{"taxonomy":"product_cat","embeddable":true,"href":"https:\/\/www.atvquadotwock.pl\/sklep\/wp-json\/wp\/v2\/product_cat?post=9584"},{"taxonomy":"product_tag","embeddable":true,"href":"https:\/\/www.atvquadotwock.pl\/sklep\/wp-json\/wp\/v2\/product_tag?post=9584"},{"taxonomy":"woo-feed-brand","embeddable":true,"href":"https:\/\/www.atvquadotwock.pl\/sklep\/wp-json\/wp\/v2\/woo-feed-brand?post=9584"}],"curies":[{"name":"wp","href":"https:\/\/api.w.org\/{rel}","templated":true}]}}