{"id":9348,"date":"2025-04-09T09:34:30","date_gmt":"2025-04-09T09:34:30","guid":{"rendered":"https:\/\/www.atvquadotwock.pl\/sklep\/?post_type=product&#038;p=9348"},"modified":"2025-04-09T09:39:53","modified_gmt":"2025-04-09T09:39:53","slug":"led-aurora-bialo-zolta-10-cali-listwa-led-alo-s6-10-r5h1","status":"publish","type":"product","link":"https:\/\/www.atvquadotwock.pl\/sklep\/produkt\/led-aurora-bialo-zolta-10-cali-listwa-led-alo-s6-10-r5h1\/","title":{"rendered":"led aurora bia\u0142o-z\u00f3\u0142ta 10 cali listwa led ALO-S6-10-R5H1"},"content":{"rendered":"<p>ip68<\/p>\n<p>3300 Lm<\/p>\n<p>kolor \u017c\u00f3\u0142to bia\u0142y dwa tryby<\/p>\n<p>&nbsp;<\/p>\n","protected":false},"excerpt":{"rendered":"<p>ip68 3300 Lm kolor \u017c\u00f3\u0142to bia\u0142y dwa tryby &nbsp;<\/p>\n","protected":false},"featured_media":9349,"template":"","meta":{"spay_email":""},"product_cat":[20],"product_tag":[],"woo-feed-brand":[],"acf":[],"_links":{"self":[{"href":"https:\/\/www.atvquadotwock.pl\/sklep\/wp-json\/wp\/v2\/product\/9348"}],"collection":[{"href":"https:\/\/www.atvquadotwock.pl\/sklep\/wp-json\/wp\/v2\/product"}],"about":[{"href":"https:\/\/www.atvquadotwock.pl\/sklep\/wp-json\/wp\/v2\/types\/product"}],"wp:featuredmedia":[{"embeddable":true,"href":"https:\/\/www.atvquadotwock.pl\/sklep\/wp-json\/wp\/v2\/media\/9349"}],"wp:attachment":[{"href":"https:\/\/www.atvquadotwock.pl\/sklep\/wp-json\/wp\/v2\/media?parent=9348"}],"wp:term":[{"taxonomy":"product_cat","embeddable":true,"href":"https:\/\/www.atvquadotwock.pl\/sklep\/wp-json\/wp\/v2\/product_cat?post=9348"},{"taxonomy":"product_tag","embeddable":true,"href":"https:\/\/www.atvquadotwock.pl\/sklep\/wp-json\/wp\/v2\/product_tag?post=9348"},{"taxonomy":"woo-feed-brand","embeddable":true,"href":"https:\/\/www.atvquadotwock.pl\/sklep\/wp-json\/wp\/v2\/woo-feed-brand?post=9348"}],"curies":[{"name":"wp","href":"https:\/\/api.w.org\/{rel}","templated":true}]}}