{"id":9345,"date":"2025-04-09T09:32:25","date_gmt":"2025-04-09T09:32:25","guid":{"rendered":"https:\/\/www.atvquadotwock.pl\/sklep\/?post_type=product&#038;p=9345"},"modified":"2025-10-03T08:52:03","modified_gmt":"2025-10-03T08:52:03","slug":"led-aurora-bialo-zolta-20-cali-s6-20-r5h1-listwa-led","status":"publish","type":"product","link":"https:\/\/www.atvquadotwock.pl\/sklep\/produkt\/led-aurora-bialo-zolta-20-cali-s6-20-r5h1-listwa-led\/","title":{"rendered":"led aurora bia\u0142o-z\u00f3\u0142ta 20 cali S6-20-R5H1 listwa led"},"content":{"rendered":"<p>ip68<\/p>\n<p>6500 Lm<\/p>\n<p>kolor \u017c\u00f3\u0142to bia\u0142y dwa tryby<\/p>\n<p>&nbsp;<\/p>\n","protected":false},"excerpt":{"rendered":"<p>ip68 6500 Lm kolor \u017c\u00f3\u0142to bia\u0142y dwa tryby &nbsp;<\/p>\n","protected":false},"featured_media":9347,"template":"","meta":{"spay_email":""},"product_cat":[20],"product_tag":[],"woo-feed-brand":[],"acf":[],"_links":{"self":[{"href":"https:\/\/www.atvquadotwock.pl\/sklep\/wp-json\/wp\/v2\/product\/9345"}],"collection":[{"href":"https:\/\/www.atvquadotwock.pl\/sklep\/wp-json\/wp\/v2\/product"}],"about":[{"href":"https:\/\/www.atvquadotwock.pl\/sklep\/wp-json\/wp\/v2\/types\/product"}],"wp:featuredmedia":[{"embeddable":true,"href":"https:\/\/www.atvquadotwock.pl\/sklep\/wp-json\/wp\/v2\/media\/9347"}],"wp:attachment":[{"href":"https:\/\/www.atvquadotwock.pl\/sklep\/wp-json\/wp\/v2\/media?parent=9345"}],"wp:term":[{"taxonomy":"product_cat","embeddable":true,"href":"https:\/\/www.atvquadotwock.pl\/sklep\/wp-json\/wp\/v2\/product_cat?post=9345"},{"taxonomy":"product_tag","embeddable":true,"href":"https:\/\/www.atvquadotwock.pl\/sklep\/wp-json\/wp\/v2\/product_tag?post=9345"},{"taxonomy":"woo-feed-brand","embeddable":true,"href":"https:\/\/www.atvquadotwock.pl\/sklep\/wp-json\/wp\/v2\/woo-feed-brand?post=9345"}],"curies":[{"name":"wp","href":"https:\/\/api.w.org\/{rel}","templated":true}]}}