{"id":9305,"date":"2025-04-02T08:58:40","date_gmt":"2025-04-02T08:58:40","guid":{"rendered":"https:\/\/www.atvquadotwock.pl\/sklep\/?post_type=product&#038;p=9305"},"modified":"2025-04-02T08:59:47","modified_gmt":"2025-04-02T08:59:47","slug":"pasek-napedowy-mitsuboshi-cfmoto-850-gen-3-1000","status":"publish","type":"product","link":"https:\/\/www.atvquadotwock.pl\/sklep\/produkt\/pasek-napedowy-mitsuboshi-cfmoto-850-gen-3-1000\/","title":{"rendered":"PASEK nap\u0119dowy MITSUBOSHI CFMOTO 850 gen 3 1000"},"content":{"rendered":"<p>PASEK MITSUBOSHI do gen3 cfmoto 850\/1000<\/p>\n<p>dost\u0119pne paski r\u00f3wnie\u017c do innych modeli CFMOTO.<\/p>\n","protected":false},"excerpt":{"rendered":"<p>PASEK MITSUBOSHI do gen3 cfmoto 850\/1000 dost\u0119pne paski r\u00f3wnie\u017c do innych modeli CFMOTO.<\/p>\n","protected":false},"featured_media":3985,"template":"","meta":{"spay_email":""},"product_cat":[38],"product_tag":[],"woo-feed-brand":[],"acf":[],"_links":{"self":[{"href":"https:\/\/www.atvquadotwock.pl\/sklep\/wp-json\/wp\/v2\/product\/9305"}],"collection":[{"href":"https:\/\/www.atvquadotwock.pl\/sklep\/wp-json\/wp\/v2\/product"}],"about":[{"href":"https:\/\/www.atvquadotwock.pl\/sklep\/wp-json\/wp\/v2\/types\/product"}],"wp:featuredmedia":[{"embeddable":true,"href":"https:\/\/www.atvquadotwock.pl\/sklep\/wp-json\/wp\/v2\/media\/3985"}],"wp:attachment":[{"href":"https:\/\/www.atvquadotwock.pl\/sklep\/wp-json\/wp\/v2\/media?parent=9305"}],"wp:term":[{"taxonomy":"product_cat","embeddable":true,"href":"https:\/\/www.atvquadotwock.pl\/sklep\/wp-json\/wp\/v2\/product_cat?post=9305"},{"taxonomy":"product_tag","embeddable":true,"href":"https:\/\/www.atvquadotwock.pl\/sklep\/wp-json\/wp\/v2\/product_tag?post=9305"},{"taxonomy":"woo-feed-brand","embeddable":true,"href":"https:\/\/www.atvquadotwock.pl\/sklep\/wp-json\/wp\/v2\/woo-feed-brand?post=9305"}],"curies":[{"name":"wp","href":"https:\/\/api.w.org\/{rel}","templated":true}]}}