{"id":9207,"date":"2025-03-24T14:26:04","date_gmt":"2025-03-24T14:26:04","guid":{"rendered":"https:\/\/www.atvquadotwock.pl\/sklep\/?post_type=product&#038;p=9207"},"modified":"2025-10-07T07:16:23","modified_gmt":"2025-10-07T07:16:23","slug":"kawasaki-brute-force-750","status":"publish","type":"product","link":"https:\/\/www.atvquadotwock.pl\/sklep\/produkt\/kawasaki-brute-force-750\/","title":{"rendered":"KAWASAKI BRUTE FORCE 750 NOWY MODEL + GRATISY"},"content":{"rendered":"<div class=\"k-table__header\">\n<div>Legendarna Japo\u0144ska Marka.<\/div>\n<div>Homologacja ci\u0105gnik rolniczy. Rejestracja na 2 osoby.<\/div>\n<div>GRATISy:<\/div>\n<div>&#8211; Manetki grzane z kciukiem<\/div>\n<div>&#8211; Led bar<\/div>\n<div>&#8211; Kufer z siedziskiem dla drugiej osoby!<\/div>\n<div><\/div>\n<div class=\"sh-30\">Silnik<\/div>\n<\/div>\n<div class=\"k-table--definition\">\n<dl>\n<dt>Typ silnika<\/dt>\n<dd>4-suwowy, V-Twin ch\u0142odzony ciecz\u0105, EFI<\/dd>\n<\/dl>\n<dl>\n<dt>Pojemno\u015b\u0107 skokowa silnika<\/dt>\n<dd>749 cm\u00b3<\/dd>\n<\/dl>\n<dl>\n<dt>\u015arednica x skok<\/dt>\n<dd>85 x 66 mm<\/dd>\n<\/dl>\n<dl>\n<dt>Stopie\u0144 spr\u0119\u017cania<\/dt>\n<dd>9.3:1<\/dd>\n<\/dl>\n<dl>\n<dt>Uk\u0142ad zawor\u00f3w<\/dt>\n<dd>SOHC, 4 zawory na cylinder<\/dd>\n<\/dl>\n<dl>\n<dt>Uk\u0142ad paliwowy<\/dt>\n<dd>Wtrysk paliwa: \u00d8 36 mm x 2<\/dd>\n<\/dl>\n<dl>\n<dt>Zap\u0142on<\/dt>\n<dd>Akumulator i cewka (zap\u0142on tranzystorowy)<\/dd>\n<\/dl>\n<dl>\n<dt>Uk\u0142ad rozruchowy<\/dt>\n<dd>Elektryczny<\/dd>\n<\/dl>\n<div class=\"k-table__header\">\n<div class=\"sh-30\">Hamulce &amp; Zawieszenie<\/div>\n<\/div>\n<div class=\"k-table--definition\">\n<dl>\n<dt>Hamulce, przednie<\/dt>\n<dd>Podw\u00f3jne tarcze 200 mm z zaciskami 2-t\u0142oczkowymi<\/dd>\n<\/dl>\n<dl>\n<dt>Hamulce, tylne<\/dt>\n<dd>Zamkni\u0119te, mokre wielotarczowe<\/dd>\n<\/dl>\n<dl>\n<dt>Zawieszenie, przednie<\/dt>\n<dd>Dwuwahaczowy z 5-stopniow\u0105 regulacj\u0105 napi\u0119cia wst\u0119pnego spr\u0119\u017cyny<\/dd>\n<\/dl>\n<dl>\n<dt>Zawieszenie, tylne<\/dt>\n<dd>Dwuwahaczowe z 5-stopniow\u0105 regulacj\u0105 napi\u0119cia wst\u0119pnego spr\u0119\u017cyny<\/dd>\n<dd>\n<div class=\"k-table__header js-accordion-open\">\n<div class=\"sh-30\">Osi\u0105gi &amp; Przeniesienie Nap\u0119du<\/div>\n<\/div>\n<div class=\"k-table--definition\">\n<dl>\n<dt>Moc maksymalna<\/dt>\n<dd>37.3 kW {51 KM} \/ 6,750 obr.\/min<\/dd>\n<\/dl>\n<dl>\n<dt>Maksymalny moment obrotowy<\/dt>\n<dd>58.1 N\u2022m {5.9 kgf\u2022m} \/ 4,750 obr.\/min<\/dd>\n<\/dl>\n<dl>\n<dt>Prze\u0142o\u017cenie<\/dt>\n<dd>CVT (H,L,N,R)<\/dd>\n<\/dl>\n<dl>\n<dt>Przeniesienie nap\u0119du<\/dt>\n<dd>Wa\u0142 2WD\/4WD<\/dd>\n<\/dl>\n<div class=\"k-table__header\">\n<div class=\"sh-30\">Rama &amp; Wymiary<\/div>\n<\/div>\n<div class=\"k-table--definition\">\n<dl>\n<dt>Typ ramy<\/dt>\n<dd>Typu double-cradle, rury stalowe o du\u017cej wytrzyma\u0142o\u015bci na rozci\u0105ganie<\/dd>\n<\/dl>\n<dl>\n<dt>\u015alad<\/dt>\n<dd>10 mm<\/dd>\n<\/dl>\n<dl>\n<dt>Skok zawieszenia, przednie<\/dt>\n<dd>175 mm<\/dd>\n<\/dl>\n<dl>\n<dt>Skok zawieszenia, tylne<\/dt>\n<dd>189 mm<\/dd>\n<\/dl>\n<dl>\n<dt>Opona, przednia<\/dt>\n<dd>AT 25 x 8-12<\/dd>\n<\/dl>\n<dl>\n<dt>Opona, tylna<\/dt>\n<dd>AT 25 x 10-12<\/dd>\n<\/dl>\n<dl>\n<dt>D\u0142 x Szer x Wys<\/dt>\n<dd>2195 x 1180 x 1260 mm<\/dd>\n<\/dl>\n<dl>\n<dt>Rozstaw osi<\/dt>\n<dd>1,285 mm<\/dd>\n<\/dl>\n<dl>\n<dt>Prze\u015bwit pod pojazdem<\/dt>\n<dd>228 mm standardowe ustawienie napi\u0119cia wst\u0119pnego, 245 mm maksymalne ustawienie napi\u0119cia wst\u0119pnego<\/dd>\n<\/dl>\n<dl>\n<dt>Pojemno\u015b\u0107 zbiornika paliwa<\/dt>\n<dd>19 litr\u00f3w<\/dd>\n<\/dl>\n<dl>\n<dt>Masa pojazdu gotowego do u\u017cytku<\/dt>\n<dd>325 kg<\/dd>\n<\/dl>\n<\/div>\n<\/div>\n<\/dd>\n<\/dl>\n<\/div>\n<\/div>\n","protected":false},"excerpt":{"rendered":"<p>Legendarna Japo\u0144ska Marka. Homologacja ci\u0105gnik rolniczy. Rejestracja na 2 osoby. GRATISy: &#8211; Manetki grzane z kciukiem &#8211; Led bar &#8211;&hellip;<\/p>\n","protected":false},"featured_media":9208,"template":"","meta":{"spay_email":""},"product_cat":[15],"product_tag":[],"woo-feed-brand":[],"acf":[],"_links":{"self":[{"href":"https:\/\/www.atvquadotwock.pl\/sklep\/wp-json\/wp\/v2\/product\/9207"}],"collection":[{"href":"https:\/\/www.atvquadotwock.pl\/sklep\/wp-json\/wp\/v2\/product"}],"about":[{"href":"https:\/\/www.atvquadotwock.pl\/sklep\/wp-json\/wp\/v2\/types\/product"}],"wp:featuredmedia":[{"embeddable":true,"href":"https:\/\/www.atvquadotwock.pl\/sklep\/wp-json\/wp\/v2\/media\/9208"}],"wp:attachment":[{"href":"https:\/\/www.atvquadotwock.pl\/sklep\/wp-json\/wp\/v2\/media?parent=9207"}],"wp:term":[{"taxonomy":"product_cat","embeddable":true,"href":"https:\/\/www.atvquadotwock.pl\/sklep\/wp-json\/wp\/v2\/product_cat?post=9207"},{"taxonomy":"product_tag","embeddable":true,"href":"https:\/\/www.atvquadotwock.pl\/sklep\/wp-json\/wp\/v2\/product_tag?post=9207"},{"taxonomy":"woo-feed-brand","embeddable":true,"href":"https:\/\/www.atvquadotwock.pl\/sklep\/wp-json\/wp\/v2\/woo-feed-brand?post=9207"}],"curies":[{"name":"wp","href":"https:\/\/api.w.org\/{rel}","templated":true}]}}