{"id":914,"date":"2020-07-02T19:26:04","date_gmt":"2020-07-02T19:26:04","guid":{"rendered":"https:\/\/www.atvquadotwock.pl\/sklep\/?post_type=product&#038;p=914"},"modified":"2023-07-13T11:37:59","modified_gmt":"2023-07-13T11:37:59","slug":"klocki-cfmoto-450-500-520-550-820-850-1000-po-2019r","status":"publish","type":"product","link":"https:\/\/www.atvquadotwock.pl\/sklep\/produkt\/klocki-cfmoto-450-500-520-550-820-850-1000-po-2019r\/","title":{"rendered":"KLOCKI prz\u00f3d CFMOTO CF MOTO 450 520 550 820 850 1000 po 2019R (9AWA-0811A0)"},"content":{"rendered":"<p>KLOCKI CFMOTO 450 500 520 550 820 850 1000 po 2019R z nowym uk\u0142adem hamulcowym.<\/p>\n<p>cena za 1 ko\u0142o<\/p>\n<p>PROSZ\u0118 ZAM\u00d3WI\u0106 2szt = 1kpl na o\u015b.<\/p>\n","protected":false},"excerpt":{"rendered":"<p>KLOCKI CFMOTO 450 500 520 550 820 850 1000 po 2019R z nowym uk\u0142adem hamulcowym. cena za 1 ko\u0142o PROSZ\u0118&hellip;<\/p>\n","protected":false},"featured_media":5794,"template":"","meta":{"spay_email":""},"product_cat":[18,23],"product_tag":[],"woo-feed-brand":[],"acf":[],"_links":{"self":[{"href":"https:\/\/www.atvquadotwock.pl\/sklep\/wp-json\/wp\/v2\/product\/914"}],"collection":[{"href":"https:\/\/www.atvquadotwock.pl\/sklep\/wp-json\/wp\/v2\/product"}],"about":[{"href":"https:\/\/www.atvquadotwock.pl\/sklep\/wp-json\/wp\/v2\/types\/product"}],"wp:featuredmedia":[{"embeddable":true,"href":"https:\/\/www.atvquadotwock.pl\/sklep\/wp-json\/wp\/v2\/media\/5794"}],"wp:attachment":[{"href":"https:\/\/www.atvquadotwock.pl\/sklep\/wp-json\/wp\/v2\/media?parent=914"}],"wp:term":[{"taxonomy":"product_cat","embeddable":true,"href":"https:\/\/www.atvquadotwock.pl\/sklep\/wp-json\/wp\/v2\/product_cat?post=914"},{"taxonomy":"product_tag","embeddable":true,"href":"https:\/\/www.atvquadotwock.pl\/sklep\/wp-json\/wp\/v2\/product_tag?post=914"},{"taxonomy":"woo-feed-brand","embeddable":true,"href":"https:\/\/www.atvquadotwock.pl\/sklep\/wp-json\/wp\/v2\/woo-feed-brand?post=914"}],"curies":[{"name":"wp","href":"https:\/\/api.w.org\/{rel}","templated":true}]}}