{"id":913,"date":"2020-07-02T19:17:58","date_gmt":"2020-07-02T19:17:58","guid":{"rendered":"https:\/\/www.atvquadotwock.pl\/sklep\/?post_type=product&#038;p=913"},"modified":"2020-07-02T19:20:52","modified_gmt":"2020-07-02T19:20:52","slug":"przekladnia-wyciagarki-atv-2500a-12v","status":"publish","type":"product","link":"https:\/\/www.atvquadotwock.pl\/sklep\/produkt\/przekladnia-wyciagarki-atv-2500a-12v\/","title":{"rendered":"PRZEK\u0141ADNIA WYCI\u0104GARKI ATV 2500A 12V"},"content":{"rendered":"<p>PRZEK\u0141ADNIA( 3x 22z)<\/p>\n<p>szeroko\u015b\u0107 przek\u0142adni: 21,5mm<\/p>\n<p> 2 BIE\u017bNIE: 51Z I 54Z<\/p>\n<p>szeroko\u015bc biezni: 14,5mm<\/p>\n<p>\u015brednica zewnetrzna bie\u017cni: 92mm<\/p>\n","protected":false},"excerpt":{"rendered":"<p>PRZEK\u0141ADNIA( 3x 22z) szeroko\u015b\u0107 przek\u0142adni: 21,5mm 2 BIE\u017bNIE: 51Z I 54Z szeroko\u015bc biezni: 14,5mm \u015brednica zewnetrzna bie\u017cni: 92mm<\/p>\n","protected":false},"featured_media":912,"template":"","meta":{"spay_email":""},"product_cat":[39,42],"product_tag":[],"woo-feed-brand":[],"acf":[],"_links":{"self":[{"href":"https:\/\/www.atvquadotwock.pl\/sklep\/wp-json\/wp\/v2\/product\/913"}],"collection":[{"href":"https:\/\/www.atvquadotwock.pl\/sklep\/wp-json\/wp\/v2\/product"}],"about":[{"href":"https:\/\/www.atvquadotwock.pl\/sklep\/wp-json\/wp\/v2\/types\/product"}],"wp:featuredmedia":[{"embeddable":true,"href":"https:\/\/www.atvquadotwock.pl\/sklep\/wp-json\/wp\/v2\/media\/912"}],"wp:attachment":[{"href":"https:\/\/www.atvquadotwock.pl\/sklep\/wp-json\/wp\/v2\/media?parent=913"}],"wp:term":[{"taxonomy":"product_cat","embeddable":true,"href":"https:\/\/www.atvquadotwock.pl\/sklep\/wp-json\/wp\/v2\/product_cat?post=913"},{"taxonomy":"product_tag","embeddable":true,"href":"https:\/\/www.atvquadotwock.pl\/sklep\/wp-json\/wp\/v2\/product_tag?post=913"},{"taxonomy":"woo-feed-brand","embeddable":true,"href":"https:\/\/www.atvquadotwock.pl\/sklep\/wp-json\/wp\/v2\/woo-feed-brand?post=913"}],"curies":[{"name":"wp","href":"https:\/\/api.w.org\/{rel}","templated":true}]}}