{"id":904,"date":"2020-07-02T18:50:50","date_gmt":"2020-07-02T18:50:50","guid":{"rendered":"https:\/\/www.atvquadotwock.pl\/sklep\/?post_type=product&#038;p=904"},"modified":"2022-03-07T09:05:01","modified_gmt":"2022-03-07T09:05:01","slug":"olej-do-filtrow-powietrza-spray-foam-bel-ray-400ml","status":"publish","type":"product","link":"https:\/\/www.atvquadotwock.pl\/sklep\/produkt\/olej-do-filtrow-powietrza-spray-foam-bel-ray-400ml\/","title":{"rendered":"OLEJ DO FILTR\u00d3W POWIETRZA SPRAY FOAM BEL-RAY 400ml"},"content":{"rendered":"<p>Olej do g\u0105bkowych filtr\u00f3w powietrza do stosowania w motocyklach szosowych i off-road. Ultra przyczepna formu\u0142a wychwytuje najmniejsze cz\u0105stki brudu mog\u0105ce spowodowa\u0107 uszkodzenie silnika. Zapobiega zatykaniu si\u0119 na mokro. Dost\u0119pny w postaci aerozolu i p\u0142ynu do namaczania.<\/p>\n<p>Symbol: BR6750<\/p>\n","protected":false},"excerpt":{"rendered":"<p>Olej do g\u0105bkowych filtr\u00f3w powietrza do stosowania w motocyklach szosowych i off-road. Ultra przyczepna formu\u0142a wychwytuje najmniejsze cz\u0105stki brudu mog\u0105ce&hellip;<\/p>\n","protected":false},"featured_media":905,"template":"","meta":{"spay_email":""},"product_cat":[80,27],"product_tag":[],"woo-feed-brand":[],"acf":[],"_links":{"self":[{"href":"https:\/\/www.atvquadotwock.pl\/sklep\/wp-json\/wp\/v2\/product\/904"}],"collection":[{"href":"https:\/\/www.atvquadotwock.pl\/sklep\/wp-json\/wp\/v2\/product"}],"about":[{"href":"https:\/\/www.atvquadotwock.pl\/sklep\/wp-json\/wp\/v2\/types\/product"}],"wp:featuredmedia":[{"embeddable":true,"href":"https:\/\/www.atvquadotwock.pl\/sklep\/wp-json\/wp\/v2\/media\/905"}],"wp:attachment":[{"href":"https:\/\/www.atvquadotwock.pl\/sklep\/wp-json\/wp\/v2\/media?parent=904"}],"wp:term":[{"taxonomy":"product_cat","embeddable":true,"href":"https:\/\/www.atvquadotwock.pl\/sklep\/wp-json\/wp\/v2\/product_cat?post=904"},{"taxonomy":"product_tag","embeddable":true,"href":"https:\/\/www.atvquadotwock.pl\/sklep\/wp-json\/wp\/v2\/product_tag?post=904"},{"taxonomy":"woo-feed-brand","embeddable":true,"href":"https:\/\/www.atvquadotwock.pl\/sklep\/wp-json\/wp\/v2\/woo-feed-brand?post=904"}],"curies":[{"name":"wp","href":"https:\/\/api.w.org\/{rel}","templated":true}]}}