{"id":9020,"date":"2025-03-01T05:18:57","date_gmt":"2025-03-01T05:18:57","guid":{"rendered":"https:\/\/www.atvquadotwock.pl\/sklep\/?post_type=product&#038;p=9020"},"modified":"2025-03-01T05:21:23","modified_gmt":"2025-03-01T05:21:23","slug":"relokator-z-snorklami-by-atv-otwock-do-cfmoto-800-820-gen1-850-1000-gen2","status":"publish","type":"product","link":"https:\/\/www.atvquadotwock.pl\/sklep\/produkt\/relokator-z-snorklami-by-atv-otwock-do-cfmoto-800-820-gen1-850-1000-gen2\/","title":{"rendered":"Relokator z snorklami by atv otwock do cfmoto 800 820 gen1 850 1000 gen2"},"content":{"rendered":"<p>zaprojektowany przez nas Relokator ch\u0142odnicy\u00a0 ze snorklami z wszystkimi kolankami, przej\u015bci\u00f3wkami, i w\u0119\u017cem snorkla tpv od -40 do 135c.<\/p>\n<p>Opis produktu:<br \/>\nRelokator wykonany z aluminium, malowanego proszkowo w kolorze czarno. Napis atv otwock. dodatkowe boczne wyloty.<br \/>\nPrzystosowany do oryginalnej ch\u0142odnicy. Zawiera wszystkie elementy monta\u017cowe (wsporniki , osprz\u0119t i w\u0119\u017ce )<br \/>\nK\u0105t nachylenia mo\u017cna \u0142atwo regulowa\u0107. kilka pozycji.<\/p>\n<p>800, 820 gen1\u00a0 i 850\/1000 gen2<\/p>\n<p>ADAPTER DO PUSZKI FILTRA W ZESTAWIE.<\/p>\n","protected":false},"excerpt":{"rendered":"<p>zaprojektowany przez nas Relokator ch\u0142odnicy\u00a0 ze snorklami z wszystkimi kolankami, przej\u015bci\u00f3wkami, i w\u0119\u017cem snorkla tpv od -40 do 135c. Opis&hellip;<\/p>\n","protected":false},"featured_media":9019,"template":"","meta":{"spay_email":""},"product_cat":[95,96,97,98,36],"product_tag":[],"woo-feed-brand":[],"acf":[],"_links":{"self":[{"href":"https:\/\/www.atvquadotwock.pl\/sklep\/wp-json\/wp\/v2\/product\/9020"}],"collection":[{"href":"https:\/\/www.atvquadotwock.pl\/sklep\/wp-json\/wp\/v2\/product"}],"about":[{"href":"https:\/\/www.atvquadotwock.pl\/sklep\/wp-json\/wp\/v2\/types\/product"}],"wp:featuredmedia":[{"embeddable":true,"href":"https:\/\/www.atvquadotwock.pl\/sklep\/wp-json\/wp\/v2\/media\/9019"}],"wp:attachment":[{"href":"https:\/\/www.atvquadotwock.pl\/sklep\/wp-json\/wp\/v2\/media?parent=9020"}],"wp:term":[{"taxonomy":"product_cat","embeddable":true,"href":"https:\/\/www.atvquadotwock.pl\/sklep\/wp-json\/wp\/v2\/product_cat?post=9020"},{"taxonomy":"product_tag","embeddable":true,"href":"https:\/\/www.atvquadotwock.pl\/sklep\/wp-json\/wp\/v2\/product_tag?post=9020"},{"taxonomy":"woo-feed-brand","embeddable":true,"href":"https:\/\/www.atvquadotwock.pl\/sklep\/wp-json\/wp\/v2\/woo-feed-brand?post=9020"}],"curies":[{"name":"wp","href":"https:\/\/api.w.org\/{rel}","templated":true}]}}