{"id":9012,"date":"2025-03-01T05:09:50","date_gmt":"2025-03-01T05:09:50","guid":{"rendered":"https:\/\/www.atvquadotwock.pl\/sklep\/?post_type=product&#038;p=9012"},"modified":"2025-11-06T14:37:39","modified_gmt":"2025-11-06T14:37:39","slug":"relokator-z-snorklami-by-atv-otwock-do-cfmoto-450-520-goes-400-500-terrox","status":"publish","type":"product","link":"https:\/\/www.atvquadotwock.pl\/sklep\/produkt\/relokator-z-snorklami-by-atv-otwock-do-cfmoto-450-520-goes-400-500-terrox\/","title":{"rendered":"Relokator z snorklami by atv otwock do cfmoto 450 520 625 goes 400 500 terrox"},"content":{"rendered":"<p>zaprojektowany przez nas Relokator ch\u0142odnicy\u00a0 ze snorklami z wszystkimi kolankami, przej\u015bci\u00f3wkami, i w\u0119\u017cem snorkla tpv od -40 do 135c.<\/p>\n<p>Opis produktu:<br \/>\nRelokator wykonany z aluminium, malowanego proszkowo w kolorze czarno. Napis atv otwock. dodatkowe boczne wyloty.<br \/>\nPrzystosowany do oryginalnej ch\u0142odnicy. Zawiera wszystkie elementy monta\u017cowe (wsporniki , osprz\u0119t i w\u0119\u017ce )<br \/>\nK\u0105t nachylenia mo\u017cna \u0142atwo regulowa\u0107. kilka pozycji.<\/p>\n<p>pasuje (trzeba wywierci\u0107 dziurki pod \u015bruby mocuj\u0105ce do stela\u017ca przedniego baga\u017cnika) do goes 400 terrox, 500 terrox, cfmoto 450, 520 gen1 i gen 2, 625 oraz do (800, 820 i 850\/1000 gen2 na innej aukcji, adapter do puszki filtra oraz wi\u0119cej w\u0119\u017ca)<\/p>\n","protected":false},"excerpt":{"rendered":"<p>zaprojektowany przez nas Relokator ch\u0142odnicy\u00a0 ze snorklami z wszystkimi kolankami, przej\u015bci\u00f3wkami, i w\u0119\u017cem snorkla tpv od -40 do 135c. Opis&hellip;<\/p>\n","protected":false},"featured_media":9014,"template":"","meta":{"spay_email":""},"product_cat":[90,91,92,93,106,36],"product_tag":[],"woo-feed-brand":[],"acf":[],"_links":{"self":[{"href":"https:\/\/www.atvquadotwock.pl\/sklep\/wp-json\/wp\/v2\/product\/9012"}],"collection":[{"href":"https:\/\/www.atvquadotwock.pl\/sklep\/wp-json\/wp\/v2\/product"}],"about":[{"href":"https:\/\/www.atvquadotwock.pl\/sklep\/wp-json\/wp\/v2\/types\/product"}],"wp:featuredmedia":[{"embeddable":true,"href":"https:\/\/www.atvquadotwock.pl\/sklep\/wp-json\/wp\/v2\/media\/9014"}],"wp:attachment":[{"href":"https:\/\/www.atvquadotwock.pl\/sklep\/wp-json\/wp\/v2\/media?parent=9012"}],"wp:term":[{"taxonomy":"product_cat","embeddable":true,"href":"https:\/\/www.atvquadotwock.pl\/sklep\/wp-json\/wp\/v2\/product_cat?post=9012"},{"taxonomy":"product_tag","embeddable":true,"href":"https:\/\/www.atvquadotwock.pl\/sklep\/wp-json\/wp\/v2\/product_tag?post=9012"},{"taxonomy":"woo-feed-brand","embeddable":true,"href":"https:\/\/www.atvquadotwock.pl\/sklep\/wp-json\/wp\/v2\/woo-feed-brand?post=9012"}],"curies":[{"name":"wp","href":"https:\/\/api.w.org\/{rel}","templated":true}]}}