{"id":9009,"date":"2025-03-01T05:07:21","date_gmt":"2025-03-01T05:07:21","guid":{"rendered":"https:\/\/www.atvquadotwock.pl\/sklep\/?post_type=product&#038;p=9009"},"modified":"2025-03-01T05:09:12","modified_gmt":"2025-03-01T05:09:12","slug":"kufer-mini-zaslepka-zamiast-siedziska-do-gen-2-cfmoto-850-1000","status":"publish","type":"product","link":"https:\/\/www.atvquadotwock.pl\/sklep\/produkt\/kufer-mini-zaslepka-zamiast-siedziska-do-gen-2-cfmoto-850-1000\/","title":{"rendered":"Kufer mini za\u015blepka zamiast siedziska do GEN 2 CFMOTO 850 &#038; 1000"},"content":{"rendered":"<p>w zestawie wszystko do monta\u017cu. Oryginalny CFMOTO z wersji overland. Posiada za\u015blepke zamiast fotela oraz kufer kt\u00f3ry mo\u017cna demontowa\u0107 i zostaje sama za\u015blepka. 2 w 1<\/p>\n<p>&nbsp;<\/p>\n<p>&nbsp;<\/p>\n","protected":false},"excerpt":{"rendered":"<p>w zestawie wszystko do monta\u017cu. Oryginalny CFMOTO z wersji overland. Posiada za\u015blepke zamiast fotela oraz kufer kt\u00f3ry mo\u017cna demontowa\u0107 i&hellip;<\/p>\n","protected":false},"featured_media":9011,"template":"","meta":{"spay_email":""},"product_cat":[24],"product_tag":[],"woo-feed-brand":[],"acf":[],"_links":{"self":[{"href":"https:\/\/www.atvquadotwock.pl\/sklep\/wp-json\/wp\/v2\/product\/9009"}],"collection":[{"href":"https:\/\/www.atvquadotwock.pl\/sklep\/wp-json\/wp\/v2\/product"}],"about":[{"href":"https:\/\/www.atvquadotwock.pl\/sklep\/wp-json\/wp\/v2\/types\/product"}],"wp:featuredmedia":[{"embeddable":true,"href":"https:\/\/www.atvquadotwock.pl\/sklep\/wp-json\/wp\/v2\/media\/9011"}],"wp:attachment":[{"href":"https:\/\/www.atvquadotwock.pl\/sklep\/wp-json\/wp\/v2\/media?parent=9009"}],"wp:term":[{"taxonomy":"product_cat","embeddable":true,"href":"https:\/\/www.atvquadotwock.pl\/sklep\/wp-json\/wp\/v2\/product_cat?post=9009"},{"taxonomy":"product_tag","embeddable":true,"href":"https:\/\/www.atvquadotwock.pl\/sklep\/wp-json\/wp\/v2\/product_tag?post=9009"},{"taxonomy":"woo-feed-brand","embeddable":true,"href":"https:\/\/www.atvquadotwock.pl\/sklep\/wp-json\/wp\/v2\/woo-feed-brand?post=9009"}],"curies":[{"name":"wp","href":"https:\/\/api.w.org\/{rel}","templated":true}]}}