{"id":9004,"date":"2025-03-01T04:59:11","date_gmt":"2025-03-01T04:59:11","guid":{"rendered":"https:\/\/www.atvquadotwock.pl\/sklep\/?post_type=product&#038;p=9004"},"modified":"2025-07-04T07:26:10","modified_gmt":"2025-07-04T07:26:10","slug":"poszerzenia-nadkoli-elastyczne-cfmoto-850-1000-gen3-z-mud-mv-zestaw","status":"publish","type":"product","link":"https:\/\/www.atvquadotwock.pl\/sklep\/produkt\/poszerzenia-nadkoli-elastyczne-cfmoto-850-1000-gen3-z-mud-mv-zestaw\/","title":{"rendered":"Poszerzenia nadkoli elastyczne CFMOTO 850 1000 gen3 z MUD MV zestaw"},"content":{"rendered":"<p>W zestawie 4szt. oryginalne cfmoto od wersji MUD. pasuj\u0105 do 850 i 1000 zwyk\u0142ych wersji.<\/p>\n<p>Nadkola poszerza o 5cm. Idealna sprawa po monta\u017cu dystans\u00f3w k\u00f3\u0142 oraz r\u00f3wnie\u017c do ochrony przed b\u0142otem.<\/p>\n<p>Wykonane z mi\u0119kkiego plastiku, po uderzeniu wraca ponownie do swojego kszta\u0142tu.<\/p>\n<p>&nbsp;<\/p>\n<p>&nbsp;<\/p>\n","protected":false},"excerpt":{"rendered":"<p>W zestawie 4szt. oryginalne cfmoto od wersji MUD. pasuj\u0105 do 850 i 1000 zwyk\u0142ych wersji. Nadkola poszerza o 5cm. Idealna&hellip;<\/p>\n","protected":false},"featured_media":9005,"template":"","meta":{"spay_email":""},"product_cat":[87],"product_tag":[],"woo-feed-brand":[],"acf":[],"_links":{"self":[{"href":"https:\/\/www.atvquadotwock.pl\/sklep\/wp-json\/wp\/v2\/product\/9004"}],"collection":[{"href":"https:\/\/www.atvquadotwock.pl\/sklep\/wp-json\/wp\/v2\/product"}],"about":[{"href":"https:\/\/www.atvquadotwock.pl\/sklep\/wp-json\/wp\/v2\/types\/product"}],"wp:featuredmedia":[{"embeddable":true,"href":"https:\/\/www.atvquadotwock.pl\/sklep\/wp-json\/wp\/v2\/media\/9005"}],"wp:attachment":[{"href":"https:\/\/www.atvquadotwock.pl\/sklep\/wp-json\/wp\/v2\/media?parent=9004"}],"wp:term":[{"taxonomy":"product_cat","embeddable":true,"href":"https:\/\/www.atvquadotwock.pl\/sklep\/wp-json\/wp\/v2\/product_cat?post=9004"},{"taxonomy":"product_tag","embeddable":true,"href":"https:\/\/www.atvquadotwock.pl\/sklep\/wp-json\/wp\/v2\/product_tag?post=9004"},{"taxonomy":"woo-feed-brand","embeddable":true,"href":"https:\/\/www.atvquadotwock.pl\/sklep\/wp-json\/wp\/v2\/woo-feed-brand?post=9004"}],"curies":[{"name":"wp","href":"https:\/\/api.w.org\/{rel}","templated":true}]}}