{"id":900,"date":"2020-07-02T18:37:48","date_gmt":"2020-07-02T18:37:48","guid":{"rendered":"https:\/\/www.atvquadotwock.pl\/sklep\/?post_type=product&#038;p=900"},"modified":"2023-02-01T13:45:21","modified_gmt":"2023-02-01T13:45:21","slug":"olej-bel-ray-gear-saver-przekladniowy-75w-1l","status":"publish","type":"product","link":"https:\/\/www.atvquadotwock.pl\/sklep\/produkt\/olej-bel-ray-gear-saver-przekladniowy-75w-1l\/","title":{"rendered":"OLEJ BEL-RAY GEAR SAVER PRZEK\u0141ADNIOWY 75W 1L"},"content":{"rendered":"<p>Olej przek\u0142adniowy zaprojektowany do pracy w motocyklowych uk\u0142adach przeniesienia nap\u0119du z mokrym sprz\u0119g\u0142em. Swobodny przep\u0142yw zapewnia g\u0142adk\u0105 prac\u0119 sprz\u0119g\u0142a a specjalna formu\u0142a chroni elementy skrzyni bieg\u00f3w przed wp\u0142ywem ekstremalnych nacisk\u00f3w. Dost\u0119pny w wariantach 75W i 80W.<\/p>\n<p>Symbol: BR6131<\/p>\n","protected":false},"excerpt":{"rendered":"<p>Olej przek\u0142adniowy zaprojektowany do pracy w motocyklowych uk\u0142adach przeniesienia nap\u0119du z mokrym sprz\u0119g\u0142em. Swobodny przep\u0142yw zapewnia g\u0142adk\u0105 prac\u0119 sprz\u0119g\u0142a a&hellip;<\/p>\n","protected":false},"featured_media":901,"template":"","meta":{"spay_email":""},"product_cat":[80,27],"product_tag":[],"woo-feed-brand":[],"acf":[],"_links":{"self":[{"href":"https:\/\/www.atvquadotwock.pl\/sklep\/wp-json\/wp\/v2\/product\/900"}],"collection":[{"href":"https:\/\/www.atvquadotwock.pl\/sklep\/wp-json\/wp\/v2\/product"}],"about":[{"href":"https:\/\/www.atvquadotwock.pl\/sklep\/wp-json\/wp\/v2\/types\/product"}],"wp:featuredmedia":[{"embeddable":true,"href":"https:\/\/www.atvquadotwock.pl\/sklep\/wp-json\/wp\/v2\/media\/901"}],"wp:attachment":[{"href":"https:\/\/www.atvquadotwock.pl\/sklep\/wp-json\/wp\/v2\/media?parent=900"}],"wp:term":[{"taxonomy":"product_cat","embeddable":true,"href":"https:\/\/www.atvquadotwock.pl\/sklep\/wp-json\/wp\/v2\/product_cat?post=900"},{"taxonomy":"product_tag","embeddable":true,"href":"https:\/\/www.atvquadotwock.pl\/sklep\/wp-json\/wp\/v2\/product_tag?post=900"},{"taxonomy":"woo-feed-brand","embeddable":true,"href":"https:\/\/www.atvquadotwock.pl\/sklep\/wp-json\/wp\/v2\/woo-feed-brand?post=900"}],"curies":[{"name":"wp","href":"https:\/\/api.w.org\/{rel}","templated":true}]}}