{"id":8992,"date":"2025-02-28T09:09:42","date_gmt":"2025-02-28T09:09:42","guid":{"rendered":"https:\/\/www.atvquadotwock.pl\/sklep\/?post_type=product&#038;p=8992"},"modified":"2025-12-05T13:13:41","modified_gmt":"2025-12-05T13:13:41","slug":"relokator-chlodnicy-z-snorklami-segway-at6-at6s-at6l-snarler","status":"publish","type":"product","link":"https:\/\/www.atvquadotwock.pl\/sklep\/produkt\/relokator-chlodnicy-z-snorklami-segway-at6-at6s-at6l-snarler\/","title":{"rendered":"Relokator ch\u0142odnicy z snorklami segway at6 at6s at6l snarler"},"content":{"rendered":"<div class=\"x1e56ztr\" data-block=\"true\" data-editor=\"9r90e\" data-offset-key=\"e77cm-0-0\">\n<div class=\"_1mf _1mj\" data-offset-key=\"e77cm-0-0\"><span data-offset-key=\"e77cm-0-0\">\u00a0RELOKATOR + KOMINY i snorkle. do SEGWAY AT6 (long i kr\u00f3tki) firmy STORM<\/span><\/div>\n<div data-offset-key=\"e77cm-0-0\">zawiera wszystko do monta\u017cu. (w\u0119\u017ce, cybanty, rurki, kolanka, \u015bruby itp)<\/div>\n<\/div>\n<div data-offset-key=\"e77cm-0-0\">(MP0747 + MP 0748)<\/div>\n<div class=\"x1e56ztr\" data-block=\"true\" data-editor=\"9r90e\" data-offset-key=\"chi39-0-0\">\n<div class=\"_1mf _1mj\" data-offset-key=\"chi39-0-0\"><\/div>\n<\/div>\n<div class=\"x1e56ztr\" data-block=\"true\" data-editor=\"9r90e\" data-offset-key=\"1t9rd-0-0\"><\/div>\n<div class=\"x1e56ztr\" data-block=\"true\" data-editor=\"9r90e\" data-offset-key=\"6se3j-0-0\">\n<div class=\"_1mf _1mj\" data-offset-key=\"6se3j-0-0\"><\/div>\n<\/div>\n<div class=\"x1e56ztr\" data-block=\"true\" data-editor=\"9r90e\" data-offset-key=\"dnmng-0-0\">\n<div class=\"_1mf _1mj\" data-offset-key=\"dnmng-0-0\"><span data-offset-key=\"dnmng-0-0\">szukasz innych akcesori\u00f3w? napisz do nas. Jeste\u015bmy dystrybutorem na Polsk\u0119. Mamy te\u017c bumpery. <\/span><\/div>\n<\/div>\n<p>&nbsp;<\/p>\n<p>&nbsp;<\/p>\n","protected":false},"excerpt":{"rendered":"<p>\u00a0RELOKATOR + KOMINY i snorkle. do SEGWAY AT6 (long i kr\u00f3tki) firmy STORM zawiera wszystko do monta\u017cu. (w\u0119\u017ce, cybanty, rurki,&hellip;<\/p>\n","protected":false},"featured_media":8993,"template":"","meta":{"spay_email":""},"product_cat":[36],"product_tag":[],"woo-feed-brand":[],"acf":[],"_links":{"self":[{"href":"https:\/\/www.atvquadotwock.pl\/sklep\/wp-json\/wp\/v2\/product\/8992"}],"collection":[{"href":"https:\/\/www.atvquadotwock.pl\/sklep\/wp-json\/wp\/v2\/product"}],"about":[{"href":"https:\/\/www.atvquadotwock.pl\/sklep\/wp-json\/wp\/v2\/types\/product"}],"wp:featuredmedia":[{"embeddable":true,"href":"https:\/\/www.atvquadotwock.pl\/sklep\/wp-json\/wp\/v2\/media\/8993"}],"wp:attachment":[{"href":"https:\/\/www.atvquadotwock.pl\/sklep\/wp-json\/wp\/v2\/media?parent=8992"}],"wp:term":[{"taxonomy":"product_cat","embeddable":true,"href":"https:\/\/www.atvquadotwock.pl\/sklep\/wp-json\/wp\/v2\/product_cat?post=8992"},{"taxonomy":"product_tag","embeddable":true,"href":"https:\/\/www.atvquadotwock.pl\/sklep\/wp-json\/wp\/v2\/product_tag?post=8992"},{"taxonomy":"woo-feed-brand","embeddable":true,"href":"https:\/\/www.atvquadotwock.pl\/sklep\/wp-json\/wp\/v2\/woo-feed-brand?post=8992"}],"curies":[{"name":"wp","href":"https:\/\/api.w.org\/{rel}","templated":true}]}}