{"id":8927,"date":"2025-02-17T16:12:02","date_gmt":"2025-02-17T16:12:02","guid":{"rendered":"https:\/\/www.atvquadotwock.pl\/sklep\/?post_type=product&#038;p=8927"},"modified":"2025-11-27T14:23:51","modified_gmt":"2025-11-27T14:23:51","slug":"oryginalne-cfmoto-manetki-podgrzewane-z-kciukiem","status":"publish","type":"product","link":"https:\/\/www.atvquadotwock.pl\/sklep\/produkt\/oryginalne-cfmoto-manetki-podgrzewane-z-kciukiem\/","title":{"rendered":"oryginalne cfmoto Manetki podgrzewane z kciukiem"},"content":{"rendered":"<p>manetki podgrzewane z kciukiem cfmoto z kostk\u0105 do pod\u0142\u0105czenia w fabrycznie gniazdo.<\/p>\n<p>&nbsp;<\/p>\n<p>&nbsp;<\/p>\n<p>9AWV-808100-8000<\/p>\n","protected":false},"excerpt":{"rendered":"<p>manetki podgrzewane z kciukiem cfmoto z kostk\u0105 do pod\u0142\u0105czenia w fabrycznie gniazdo. &nbsp; &nbsp; 9AWV-808100-8000<\/p>\n","protected":false},"featured_media":8928,"template":"","meta":{"spay_email":""},"product_cat":[143,20],"product_tag":[],"woo-feed-brand":[],"acf":[],"_links":{"self":[{"href":"https:\/\/www.atvquadotwock.pl\/sklep\/wp-json\/wp\/v2\/product\/8927"}],"collection":[{"href":"https:\/\/www.atvquadotwock.pl\/sklep\/wp-json\/wp\/v2\/product"}],"about":[{"href":"https:\/\/www.atvquadotwock.pl\/sklep\/wp-json\/wp\/v2\/types\/product"}],"wp:featuredmedia":[{"embeddable":true,"href":"https:\/\/www.atvquadotwock.pl\/sklep\/wp-json\/wp\/v2\/media\/8928"}],"wp:attachment":[{"href":"https:\/\/www.atvquadotwock.pl\/sklep\/wp-json\/wp\/v2\/media?parent=8927"}],"wp:term":[{"taxonomy":"product_cat","embeddable":true,"href":"https:\/\/www.atvquadotwock.pl\/sklep\/wp-json\/wp\/v2\/product_cat?post=8927"},{"taxonomy":"product_tag","embeddable":true,"href":"https:\/\/www.atvquadotwock.pl\/sklep\/wp-json\/wp\/v2\/product_tag?post=8927"},{"taxonomy":"woo-feed-brand","embeddable":true,"href":"https:\/\/www.atvquadotwock.pl\/sklep\/wp-json\/wp\/v2\/woo-feed-brand?post=8927"}],"curies":[{"name":"wp","href":"https:\/\/api.w.org\/{rel}","templated":true}]}}