{"id":8901,"date":"2025-02-12T14:18:25","date_gmt":"2025-02-12T14:18:25","guid":{"rendered":"https:\/\/www.atvquadotwock.pl\/sklep\/?post_type=product&#038;p=8901"},"modified":"2025-02-12T14:19:14","modified_gmt":"2025-02-12T14:19:14","slug":"zestaw-bumper-zderzaki-przod-i-tyl-do-cfmoto-450-520-gen2","status":"publish","type":"product","link":"https:\/\/www.atvquadotwock.pl\/sklep\/produkt\/zestaw-bumper-zderzaki-przod-i-tyl-do-cfmoto-450-520-gen2\/","title":{"rendered":"ZESTAW BUMPER zderzaki PRZ\u00d3D i TY\u0141 DO CFMOTO 450 520 gen2"},"content":{"rendered":"<p>zestaw Sk\u0142ada si\u0119 z przedniego oraz tylnego firmy CFMOTO<br \/>\nw zestawie monta\u017cu oraz \u015brubki.<\/p>\n<p>&nbsp;<\/p>\n<p>W ZESTAWIE TANIEJ!<\/p>\n","protected":false},"excerpt":{"rendered":"<blockquote><p>&nbsp;<\/p><\/blockquote>\n","protected":false},"featured_media":8899,"template":"","meta":{"spay_email":""},"product_cat":[41],"product_tag":[],"woo-feed-brand":[],"acf":[],"_links":{"self":[{"href":"https:\/\/www.atvquadotwock.pl\/sklep\/wp-json\/wp\/v2\/product\/8901"}],"collection":[{"href":"https:\/\/www.atvquadotwock.pl\/sklep\/wp-json\/wp\/v2\/product"}],"about":[{"href":"https:\/\/www.atvquadotwock.pl\/sklep\/wp-json\/wp\/v2\/types\/product"}],"wp:featuredmedia":[{"embeddable":true,"href":"https:\/\/www.atvquadotwock.pl\/sklep\/wp-json\/wp\/v2\/media\/8899"}],"wp:attachment":[{"href":"https:\/\/www.atvquadotwock.pl\/sklep\/wp-json\/wp\/v2\/media?parent=8901"}],"wp:term":[{"taxonomy":"product_cat","embeddable":true,"href":"https:\/\/www.atvquadotwock.pl\/sklep\/wp-json\/wp\/v2\/product_cat?post=8901"},{"taxonomy":"product_tag","embeddable":true,"href":"https:\/\/www.atvquadotwock.pl\/sklep\/wp-json\/wp\/v2\/product_tag?post=8901"},{"taxonomy":"woo-feed-brand","embeddable":true,"href":"https:\/\/www.atvquadotwock.pl\/sklep\/wp-json\/wp\/v2\/woo-feed-brand?post=8901"}],"curies":[{"name":"wp","href":"https:\/\/api.w.org\/{rel}","templated":true}]}}