{"id":8893,"date":"2025-02-12T12:30:33","date_gmt":"2025-02-12T12:30:33","guid":{"rendered":"https:\/\/www.atvquadotwock.pl\/sklep\/?post_type=product&#038;p=8893"},"modified":"2025-02-12T12:37:20","modified_gmt":"2025-02-12T12:37:20","slug":"zestaw-bumper-zderzaki-przod-i-tyl-do-cfmoto-850-1000-gen3-oryginal","status":"publish","type":"product","link":"https:\/\/www.atvquadotwock.pl\/sklep\/produkt\/zestaw-bumper-zderzaki-przod-i-tyl-do-cfmoto-850-1000-gen3-oryginal\/","title":{"rendered":"ZESTAW BUMPER zderzaki PRZ\u00d3D i TY\u0141 DO CFMOTO 850 1000 gen3 orygina\u0142"},"content":{"rendered":"<p>zestaw Sk\u0142ada si\u0119 z przedniego oraz tylnego firmy cfmoto orygina\u0142<br \/>\nw zestawie wszystko do monta\u017cu<\/p>\n<p>&nbsp;<\/p>\n<p>W ZESTAWIE TANIEJ!<\/p>\n","protected":false},"excerpt":{"rendered":"<blockquote><p>&nbsp;<\/p><\/blockquote>\n","protected":false},"featured_media":8896,"template":"","meta":{"spay_email":""},"product_cat":[41],"product_tag":[],"woo-feed-brand":[],"acf":[],"_links":{"self":[{"href":"https:\/\/www.atvquadotwock.pl\/sklep\/wp-json\/wp\/v2\/product\/8893"}],"collection":[{"href":"https:\/\/www.atvquadotwock.pl\/sklep\/wp-json\/wp\/v2\/product"}],"about":[{"href":"https:\/\/www.atvquadotwock.pl\/sklep\/wp-json\/wp\/v2\/types\/product"}],"wp:featuredmedia":[{"embeddable":true,"href":"https:\/\/www.atvquadotwock.pl\/sklep\/wp-json\/wp\/v2\/media\/8896"}],"wp:attachment":[{"href":"https:\/\/www.atvquadotwock.pl\/sklep\/wp-json\/wp\/v2\/media?parent=8893"}],"wp:term":[{"taxonomy":"product_cat","embeddable":true,"href":"https:\/\/www.atvquadotwock.pl\/sklep\/wp-json\/wp\/v2\/product_cat?post=8893"},{"taxonomy":"product_tag","embeddable":true,"href":"https:\/\/www.atvquadotwock.pl\/sklep\/wp-json\/wp\/v2\/product_tag?post=8893"},{"taxonomy":"woo-feed-brand","embeddable":true,"href":"https:\/\/www.atvquadotwock.pl\/sklep\/wp-json\/wp\/v2\/woo-feed-brand?post=8893"}],"curies":[{"name":"wp","href":"https:\/\/api.w.org\/{rel}","templated":true}]}}