{"id":8868,"date":"2025-02-10T13:22:52","date_gmt":"2025-02-10T13:22:52","guid":{"rendered":"https:\/\/www.atvquadotwock.pl\/sklep\/?post_type=product&#038;p=8868"},"modified":"2025-02-10T13:24:12","modified_gmt":"2025-02-10T13:24:12","slug":"kufry-aluminiowe-3szt-do-mt800-mt450-cfmoto","status":"publish","type":"product","link":"https:\/\/www.atvquadotwock.pl\/sklep\/produkt\/kufry-aluminiowe-3szt-do-mt800-mt450-cfmoto\/","title":{"rendered":"kufry aluminiowe 3szt do mt800 mt450 cfmoto"},"content":{"rendered":"<p>6WWV-808000-5000<\/p>\n<p>komplet 2 boczne + 1 centralny.<\/p>\n<p>do zamontowania w mt450 wymagane s\u0105 mocowania boczne, dost\u0119pne s\u0105 na aukcji odzielnej.<\/p>\n<p>ORYGINALNY PRODUKT CFMOTO!<\/p>\n<p>&nbsp;<\/p>\n","protected":false},"excerpt":{"rendered":"<p>6WWV-808000-5000 komplet 2 boczne + 1 centralny. do zamontowania w mt450 wymagane s\u0105 mocowania boczne, dost\u0119pne s\u0105 na aukcji odzielnej.&hellip;<\/p>\n","protected":false},"featured_media":8869,"template":"","meta":{"spay_email":""},"product_cat":[117],"product_tag":[],"woo-feed-brand":[],"acf":[],"_links":{"self":[{"href":"https:\/\/www.atvquadotwock.pl\/sklep\/wp-json\/wp\/v2\/product\/8868"}],"collection":[{"href":"https:\/\/www.atvquadotwock.pl\/sklep\/wp-json\/wp\/v2\/product"}],"about":[{"href":"https:\/\/www.atvquadotwock.pl\/sklep\/wp-json\/wp\/v2\/types\/product"}],"wp:featuredmedia":[{"embeddable":true,"href":"https:\/\/www.atvquadotwock.pl\/sklep\/wp-json\/wp\/v2\/media\/8869"}],"wp:attachment":[{"href":"https:\/\/www.atvquadotwock.pl\/sklep\/wp-json\/wp\/v2\/media?parent=8868"}],"wp:term":[{"taxonomy":"product_cat","embeddable":true,"href":"https:\/\/www.atvquadotwock.pl\/sklep\/wp-json\/wp\/v2\/product_cat?post=8868"},{"taxonomy":"product_tag","embeddable":true,"href":"https:\/\/www.atvquadotwock.pl\/sklep\/wp-json\/wp\/v2\/product_tag?post=8868"},{"taxonomy":"woo-feed-brand","embeddable":true,"href":"https:\/\/www.atvquadotwock.pl\/sklep\/wp-json\/wp\/v2\/woo-feed-brand?post=8868"}],"curies":[{"name":"wp","href":"https:\/\/api.w.org\/{rel}","templated":true}]}}