{"id":86,"date":"2020-05-03T17:04:37","date_gmt":"2020-05-03T17:04:37","guid":{"rendered":"https:\/\/www.atvquadotwock.pl\/sklep\/?post_type=product&#038;p=86"},"modified":"2020-11-26T09:15:57","modified_gmt":"2020-11-26T09:15:57","slug":"czujnik-cisnienia-oleju-cfmoto","status":"publish","type":"product","link":"https:\/\/www.atvquadotwock.pl\/sklep\/produkt\/czujnik-cisnienia-oleju-cfmoto\/","title":{"rendered":"CZUJNIK CI\u015aNIENIA OLEJU CFMOTO 0800-012400 &#8211; NOWY MODEL"},"content":{"rendered":"<p>CFMOTO 450 550 600 800 820 850 1000 nowy model DO QUAD\u00d3W PO 2019r<\/p>\n<p>CZUJNIK CI\u015aNIENIA OLEJU NOWY MODEL, KONIEC PROBLEM\u00d3W Z PRZECIEKAMI JAK I WADLIWYM WSKAZANIEM NA LICZNIKU.<\/p>\n<p>adapter na zdj\u0119ciu do pod\u0142\u0105czenia quad\u00f3w <strong>PRZED<\/strong> 2019r dost\u0119pny na innej aukcji<\/p>\n<p>kod oem: 0800-012400<\/p>\n","protected":false},"excerpt":{"rendered":"<p>CFMOTO 450 550 600 800 820 850 1000 nowy model DO QUAD\u00d3W PO 2019r CZUJNIK CI\u015aNIENIA OLEJU NOWY MODEL, KONIEC&hellip;<\/p>\n","protected":false},"featured_media":1378,"template":"","meta":{"spay_email":""},"product_cat":[90,91,92,93,106,95,96,97,98,109,107,108],"product_tag":[],"woo-feed-brand":[],"acf":[],"_links":{"self":[{"href":"https:\/\/www.atvquadotwock.pl\/sklep\/wp-json\/wp\/v2\/product\/86"}],"collection":[{"href":"https:\/\/www.atvquadotwock.pl\/sklep\/wp-json\/wp\/v2\/product"}],"about":[{"href":"https:\/\/www.atvquadotwock.pl\/sklep\/wp-json\/wp\/v2\/types\/product"}],"wp:featuredmedia":[{"embeddable":true,"href":"https:\/\/www.atvquadotwock.pl\/sklep\/wp-json\/wp\/v2\/media\/1378"}],"wp:attachment":[{"href":"https:\/\/www.atvquadotwock.pl\/sklep\/wp-json\/wp\/v2\/media?parent=86"}],"wp:term":[{"taxonomy":"product_cat","embeddable":true,"href":"https:\/\/www.atvquadotwock.pl\/sklep\/wp-json\/wp\/v2\/product_cat?post=86"},{"taxonomy":"product_tag","embeddable":true,"href":"https:\/\/www.atvquadotwock.pl\/sklep\/wp-json\/wp\/v2\/product_tag?post=86"},{"taxonomy":"woo-feed-brand","embeddable":true,"href":"https:\/\/www.atvquadotwock.pl\/sklep\/wp-json\/wp\/v2\/woo-feed-brand?post=86"}],"curies":[{"name":"wp","href":"https:\/\/api.w.org\/{rel}","templated":true}]}}