{"id":84,"date":"2020-05-03T17:01:12","date_gmt":"2020-05-03T17:01:12","guid":{"rendered":"https:\/\/www.atvquadotwock.pl\/sklep\/?post_type=product&#038;p=84"},"modified":"2022-03-04T11:10:51","modified_gmt":"2022-03-04T11:10:51","slug":"oslony-amortyzatorow-cfmoto","status":"publish","type":"product","link":"https:\/\/www.atvquadotwock.pl\/sklep\/produkt\/oslony-amortyzatorow-cfmoto\/","title":{"rendered":"OS\u0141ONY AMORTYZATOR\u00d3W CFMOTO"},"content":{"rendered":"<p>NOWE OS\u0141ONY DO AMORTYZATOR\u00d3W CFMOTO.<br \/>\nSZYBKI MONTA\u017b, RZEP NA CA\u0141EJ D\u0141UGO\u015aCI.<br \/>\nCENA DOTYCZY 1KPL\/4SZT na ca\u0142ego quada.<\/p>\n<p>Przed zakupem zapytaj nas o dost\u0119pno\u015b\u0107.<br \/>\nSzukasz innych cz\u0119\u015bci do CFMOTO?<br \/>\nNapisz lub zadzwo\u0144. Tw\u00f3j autoryzowany dealer CFMOTO.<\/p>\n<p>Sklep ATV-QUAD<br \/>\n05-400 Otwock ul. \u0141ugi 82<br \/>\nCzynny<br \/>\nod Poniedzia\u0142ku do Pi\u0105tku<br \/>\n10:00 &#8211; 18:00<br \/>\ntel. 791 477 830<\/p>\n<p><a href=\"https:\/\/www.facebook.com\/quadyotwock\">https:\/\/www.facebook.com\/quadyotwock <\/a><br \/>\nznajd\u017a nas nas na FACEBOOKU i zostaw recenzj\u0119 a otrzymasz 10% rabatu na zam\u00f3wienie!<\/p>\n<p><a href=\"https:\/\/www.instagram.com\/atvquadotwock\">https:\/\/www.instagram.com\/atvquadotwock<\/a> obserwuj nas na instagramie a dowiesz si\u0119 o nowo\u015bciach,<br \/>\ntuningowaniu quad\u00f3w jak i relacji z przegl\u0105d\u00f3w.<\/p>\n","protected":false},"excerpt":{"rendered":"<p>NOWE OS\u0141ONY DO AMORTYZATOR\u00d3W CFMOTO. SZYBKI MONTA\u017b, RZEP NA CA\u0141EJ D\u0141UGO\u015aCI. CENA DOTYCZY 1KPL\/4SZT na ca\u0142ego quada. Przed zakupem zapytaj&hellip;<\/p>\n","protected":false},"featured_media":85,"template":"","meta":{"spay_email":""},"product_cat":[75,100,94,90,91,92,93,95,96,97,98,44],"product_tag":[],"woo-feed-brand":[],"acf":[],"_links":{"self":[{"href":"https:\/\/www.atvquadotwock.pl\/sklep\/wp-json\/wp\/v2\/product\/84"}],"collection":[{"href":"https:\/\/www.atvquadotwock.pl\/sklep\/wp-json\/wp\/v2\/product"}],"about":[{"href":"https:\/\/www.atvquadotwock.pl\/sklep\/wp-json\/wp\/v2\/types\/product"}],"wp:featuredmedia":[{"embeddable":true,"href":"https:\/\/www.atvquadotwock.pl\/sklep\/wp-json\/wp\/v2\/media\/85"}],"wp:attachment":[{"href":"https:\/\/www.atvquadotwock.pl\/sklep\/wp-json\/wp\/v2\/media?parent=84"}],"wp:term":[{"taxonomy":"product_cat","embeddable":true,"href":"https:\/\/www.atvquadotwock.pl\/sklep\/wp-json\/wp\/v2\/product_cat?post=84"},{"taxonomy":"product_tag","embeddable":true,"href":"https:\/\/www.atvquadotwock.pl\/sklep\/wp-json\/wp\/v2\/product_tag?post=84"},{"taxonomy":"woo-feed-brand","embeddable":true,"href":"https:\/\/www.atvquadotwock.pl\/sklep\/wp-json\/wp\/v2\/woo-feed-brand?post=84"}],"curies":[{"name":"wp","href":"https:\/\/api.w.org\/{rel}","templated":true}]}}