{"id":827,"date":"2020-06-29T16:10:44","date_gmt":"2020-06-29T16:10:44","guid":{"rendered":"https:\/\/www.atvquadotwock.pl\/sklep\/?post_type=product&#038;p=827"},"modified":"2023-11-28T14:17:27","modified_gmt":"2023-11-28T14:17:27","slug":"koncowka-drazka-wewnetrzna-lewy-gwint-cfmoto-450-520-500-550-600-625-800-820","status":"publish","type":"product","link":"https:\/\/www.atvquadotwock.pl\/sklep\/produkt\/koncowka-drazka-wewnetrzna-lewy-gwint-cfmoto-450-520-500-550-600-625-800-820\/","title":{"rendered":"Ko\u0144c\u00f3wka dr\u0105\u017cka Zewn\u0119trzny LEWY GWINT &#8211; CFMOTO 450 520 500 550 600 625 800 820 (9010-100530) 41-1046"},"content":{"rendered":"<p>Ko\u0144c\u00f3wka dr\u0105\u017cka kierowniczego zewn\u0119trzny (przy kole) lewy gwint 41-1046<\/p>\n<p>zamiennik oem yamaha : 1S3-23841-00-00 , 1S3-23841-20-00<br \/>\nzamiennik oem suzuki : 51270-45G00-E00, 51270-45G00<br \/>\nzamiennik oem kawasaki: 39112-0011<br \/>\nzamiennik cfmoto : 9010-100530<\/p>\n<p>zastosowanie w quadach yamahaha:<br \/>\n2006 RAPTOR 700 (YFM700RV) &#8211; Steering<br \/>\n2006 RAPTOR 700 50TH ANNIVERSARY (YFM700RSPV) &#8211; Steering<br \/>\n2006 YFZ450 SPECIAL EDITION (YFZ450SPV) &#8211; Steering<br \/>\n2006 YFZ450V BILL BALLANCE EDITION (YFZ450BBV) &#8211; Steering<br \/>\n2006 YFZ450V BILL BALLANCE EDITION (YFZ450V) &#8211; Steering<br \/>\n2007 RAPTOR 700 (YFM70RW) &#8211; Steering<br \/>\n2007 RAPTOR 700 GYTR EDITION (YFM70RYRW) &#8211; Steering<br \/>\n2007 RAPTOR 700 SPECIAL EDITION (YFM70RSEW) &#8211; Steering<br \/>\n2007 RAPTOR 700 SPECIAL EDITION 2 (YFM70RSE2W) &#8211; Steering<br \/>\n2007 YFZ450 (YFZ450W) &#8211; Steering<br \/>\n2007 YFZ450 BILL BALLANCE EDITION (YFZ450BBW) &#8211; Steering<br \/>\n2007 YFZ450 SPECIAL EDITION (YFZ450SEW) &#8211; Steering<br \/>\n2007 YFZ450 SPECIAL EDITION 2-BLACK FLAMES (YFZ450SE2W) &#8211; Steering<br \/>\n2008 RAPTOR 700 (YFM70RXGY) &#8211; Steering<br \/>\n2008 RAPTOR 700 (YFM70RXL) &#8211; Steering<br \/>\n2008 RAPTOR 700 SPECIAL EDITION (YFM70RSPX) &#8211; Steering<br \/>\n2008 RAPTOR 700 SPECIAL EDITION 2 (YFM70RSP2X) &#8211; Steering<br \/>\n2008 YFZ450 (YFZ450XGY) &#8211; Steering<br \/>\n2008 YFZ450 (YFZ450XL) &#8211; Steering<br \/>\n2008 YFZ450 SPECIAL EDITION (YFZ450SPX) &#8211; Steering<br \/>\n2008 YFZ450 SPECIAL EDITION II (YFZ450SP2X) &#8211; Steering<br \/>\n2009 RAPTOR 700 R (YFM70RYL) &#8211; Steering<br \/>\n2009 RAPTOR 700 R (YFM70RYW) &#8211; Steering<br \/>\n2009 RAPTOR 700 SPECIAL EDITION (YFM70RSEY) &#8211; Steering<br \/>\n2009 YFZ450 (YFZ450YL) &#8211; Steering<br \/>\n2009 YFZ450 (YFZ450YW) &#8211; Steering<br \/>\n2009 YFZ450R (YFZ450RYL) &#8211; Steering<br \/>\n2009 YFZ450R (YFZ450RYW) &#8211; Steering<br \/>\n2009 YFZ450R SE (YFZ450RSEY) &#8211; Steering<br \/>\n2010 RAPTOR 700 SE (YFM7RSEZ) &#8211; Steering<br \/>\n2010 YFZ450R (YFZ450RZL) &#8211; Steering<br \/>\n2010 YFZ450R SPECIAL EDITION (YFZ450RSEZ) &#8211; Steering<br \/>\n2010 YFZ450X (YFZ450XZL) &#8211; Steering<br \/>\n2010 YFZ450X (YFZ450XZW) &#8211; Steering<br \/>\n2010 YFZ450X BILL BALLANCE EDITION (YFZ450XBBZ) &#8211; Steering<br \/>\n2011 RAPTOR 700 SPECIAL EDITION (YFM7RSEA) &#8211; Steering<br \/>\n2011 RAPTOR 700R (YFM7RAL) &#8211; Steering<br \/>\n2011 RAPTOR 700R (YFM7RAW) &#8211; Steering<br \/>\n2011 YFZ450R (YFZ450RAL) &#8211; Steering<br \/>\n2011 YFZ450R SPECIAL EDITION (YFZ450RSEA) &#8211; Steering<br \/>\n2011 YFZ450X (YFZ450XAL) &#8211; Steering<br \/>\n2011 YFZ450X SPECIAL EDITION (YFZ450XSEA) &#8211; Steering<br \/>\n2012 RAPTOR 700 SPECIAL EDITION (YFM7RSEB) &#8211; Steering<br \/>\n2012 RAPTOR 700R (YFM7RBL) &#8211; Steering<br \/>\n2012 RAPTOR 700R (YFM7RBW) &#8211; Steering<br \/>\n2012 YFZ450 (YFZ45BB) &#8211; Steering<br \/>\n2012 YFZ450 (YFZ45BW) &#8211; Steering<br \/>\n2012 YFZ450R (YFZ45RBL) &#8211; Steering<br \/>\n2012 YFZ450R (YFZ45RBW) &#8211; Steering<br \/>\n2012 YFZ450R SPECIAL EDITION (YFZ45RSEB) &#8211; Steering<br \/>\n2013 RAPTOR 700 (YFM7RDL) &#8211; Steering<br \/>\n2013 RAPTOR 700 (YFM7RDW) &#8211; Steering<br \/>\n2013 RAPTOR 700R SPECIAL EDITION (YFM7RSEDB) Yamaha Black &#8211; Steering<br \/>\n2013 RAPTOR 700R SPECIAL EDITION (YFM7RSEDL) Deep Purplish Blue Solid E &#8211; Steering<br \/>\n2013 YFZ450 (YFZ45DB) Black Metallic &#8211; Steering<br \/>\n2013 YFZ450 (YFZ45DW) Bluish White Solid &#8211; Steering<br \/>\n2013 YFZ450R (YFZ45RDL) Deep Purplish Blue Solid E &#8211; Steering<br \/>\n2013 YFZ450R (YFZ45RDW) Bluish White Solid &#8211; Steering<br \/>\n2013 YFZ450R SPECIAL EDITION (YFZ45RSED) &#8211; Steering<br \/>\n2014 RAPTOR 700 (YFM700REL) &#8211; Steering<br \/>\n2014 RAPTOR 700 (YFM700REO) &#8211; Steering<br \/>\n2014 RAPTOR 700R SE (YFM700RSEL) &#8211; Steering<br \/>\n2014 RAPTOR 700R SE (YFM700RSEM) &#8211; Steering<br \/>\n2014 RAPTOR 700R SE (YFM700RSES) &#8211; Steering<br \/>\n2014 YFZ450R (YFZ450REL) &#8211; Steering<br \/>\n2014 YFZ450R (YFZ450REO) &#8211; Steering<br \/>\n2014 YFZ450R SPECIAL EDITION (YFZ450RSER) &#8211; Steering<br \/>\n2014 YFZ450R SPECIAL EDITION (YFZ450RSSE) &#8211; Steering<br \/>\n2015 RAPTOR 700 (YFM700RFL) &#8211; Steering<br \/>\n2015 RAPTOR 700R SE (YFM700RSFB) &#8211; Steering<br \/>\n2015 RAPTOR 700R SE (YFM700RSFL) &#8211; Steering<br \/>\n2015 YFZ450R (YFZ450RFL) &#8211; Steering<br \/>\n2015 YFZ450R SE (YFZ450RSFB) &#8211; Steering<br \/>\n2016 RAPTOR 700 (YFM70RSBGL) &#8211; Steering<br \/>\n2016 RAPTOR 700R (YFM70RSXGL) &#8211; Steering<br \/>\n2016 RAPTOR 700R SE (YFM70RSSGY) &#8211; Steering<br \/>\n2016 YFZ450R (YFZ45YSXGL) &#8211; Steering<br \/>\n2016 YFZ450R SPECIAL EDITION (YFZ45YSSGY) &#8211; Steering<br \/>\n2017 RAPTOR 700 (YFM70RSBHO) &#8211; Steering<br \/>\n2017 RAPTOR 700R (YFM70RSXHL) &#8211; Steering<br \/>\n2017 RAPTOR 700R SE (YFM70RSSHB) &#8211; Steering<br \/>\n2017 YFZ450 (YFZ45YSXHL) &#8211; Steering<br \/>\n2017 YFZ450R SPECIAL EDITION (YFZ45YSSHB) &#8211; Steering<br \/>\n2018 RAPTOR 700 (YFM70RSBJD) &#8211; Steering<br \/>\n2018 RAPTOR 700R (YFM70RSXJL) &#8211; Steering<br \/>\n2018 RAPTOR 700R SE (YFM70RSSJW) &#8211; Steering<br \/>\n2018 YFZ450R (YFZ45YSXJL) &#8211; Steering<br \/>\n2018 YFZ450R SE (YFZ45YSSJW) &#8211; Steering<\/p>\n<p>zastosowanie w quadach suzuki :<br \/>\nuwaga !!! wszystkie suzuki kingquad LT-A750 LT-A500 ze wspomaganiem kierownicy EPS<br \/>\n2006 QuadRacer (LT-R450) &#8211; STEERING KNUCKLE<br \/>\n2006 QuadRacer (LT-R450Z) &#8211; STEERING KNUCKLE<br \/>\n2007 QuadRacer (LT-R450) &#8211; STEERING KNUCKLE<br \/>\n2007 QuadRacer (LT-R450Z) &#8211; STEERING KNUCKLE<br \/>\n2008 QuadRacer (LT-R450) &#8211; STEERING KNUCKLE<br \/>\n2008 QuadRacer (LT-R450Z) &#8211; STEERING KNUCKLE<br \/>\n2009 KingQuad (LT-A500XP) &#8211; STEERING KNUCKLE<br \/>\n2009 KingQuad (LT-A750XP) &#8211; STEERING KNUCKLE<br \/>\n2009 KingQuad (LT-A750XPZ) &#8211; STEERING KNUCKLE<br \/>\n2009 QuadRacer (LT-R450) &#8211; STEERING KNUCKLE<br \/>\n2009 QuadRacer (LT-R450Z) &#8211; STEERING KNUCKLE<br \/>\n2009 QuadSport (LT-Z400) &#8211; STEERING KNUCKLE<br \/>\n2009 QuadSport (LT-Z400Z) &#8211; STEERING KNUCKLE<br \/>\n2011 KingQuad (LT-A500XP) &#8211; STEERING KNUCKLE<br \/>\n2011 KingQuad (LT-A500XPZ) &#8211; STEERING KNUCKLE<br \/>\n2011 KingQuad (LT-A750XP) &#8211; STEERING KNUCKLE<br \/>\n2011 KingQuad (LT-A750XPZ) &#8211; STEERING KNUCKLE<br \/>\n2012 LT-Z400 &#8211; STEERING KNUCKLE<br \/>\n2012 LT-Z400Z &#8211; STEERING KNUCKLE<br \/>\n2012 KingQuad (LT-A500XP) &#8211; STEERING KNUCKLE<br \/>\n2012 KingQuad (LT-A500XPZ) &#8211; STEERING KNUCKLE<br \/>\n2012 KingQuad (LT-A750XP) &#8211; STEERING KNUCKLE<br \/>\n2012 KingQuad (LT-A750XPZ) &#8211; STEERING KNUCKLE<br \/>\n2013 KingQuad (LT-A750XP) &#8211; STEERING KNUCKLE<br \/>\n2013 KingQuad (LT-A750XPZ) &#8211; STEERING KNUCKLE<br \/>\n2013 QuadSport Z400 (LT-Z400 Z) &#8211; STEERING KNUCKLE<br \/>\n2014 LT-A750XP &#8211; STEERING KNUCKLE<br \/>\n2014 LT-A750XPZ &#8211; STEERING KNUCKLE<br \/>\n2014 LT-Z400 &#8211; STEERING KNUCKLE<br \/>\n2015 LT-A500XP &#8211; STEERING KNUCKLE<br \/>\n2015 LT-A500XPZ &#8211; STEERING KNUCKLE<br \/>\n2015 LT-A750XP &#8211; STEERING KNUCKLE<br \/>\n2015 LT-A750XPZ &#8211; STEERING KNUCKLE<br \/>\n2016 LT-A500XP &#8211; STEERING KNUCKLE<br \/>\n2016 LT-A500XPZ &#8211; STEERING KNUCKLE<br \/>\n2016 LT-A750XP &#8211; STEERING KNUCKLE<br \/>\n2016 LT-A750XPC &#8211; STEERING KNUCKLE<br \/>\n2016 LT-A750XPZ &#8211; STEERING KNUCKLE<br \/>\n2017 LT-A500XP &#8211; STEERING KNUCKLE<br \/>\n2017 LT-A500XPC &#8211; STEERING KNUCKLE<br \/>\n2017 LT-A500XPZ &#8211; STEERING KNUCKLE<br \/>\n2017 LT-A750XP &#8211; STEERING KNUCKLE<br \/>\n2017 LT-A750XPC &#8211; STEERING KNUCKLE<br \/>\n2017 LT-A750XPZ &#8211; STEERING KNUCKLE<\/p>\n<p>zastosowanie w quadach kawasaki :<br \/>\n2008 KFX450R (KSF450B8F) &#8211; Steering Shaft<br \/>\n2008 KFX450R (KSF450B8FA) &#8211; Steering Shaft<br \/>\n2009 KFX450R (KSF450B9F) &#8211; Steering Shaft<br \/>\n2009 KFX450R (KSF450B9FB) &#8211; Steering Shaft<br \/>\n2010 KFX450R (KSF450BAF) &#8211; Steering Shaft<br \/>\n2011 KFX450R (KSF450BBF) &#8211; Steering Shaft<br \/>\n2012 KFX450R (KSF450BCS) &#8211; Steering Shaft<br \/>\n2013 KFX450R (KSF450BDF) &#8211; Steering Shaft<br \/>\n2014 KFX450R (KSF450BEF) &#8211; Steering Shaft<\/p>\n","protected":false},"excerpt":{"rendered":"<p>Ko\u0144c\u00f3wka dr\u0105\u017cka kierowniczego zewn\u0119trzny (przy kole) lewy gwint 41-1046 zamiennik oem yamaha : 1S3-23841-00-00 , 1S3-23841-20-00 zamiennik oem suzuki :&hellip;<\/p>\n","protected":false},"featured_media":828,"template":"","meta":{"spay_email":""},"product_cat":[37],"product_tag":[],"woo-feed-brand":[],"acf":[],"_links":{"self":[{"href":"https:\/\/www.atvquadotwock.pl\/sklep\/wp-json\/wp\/v2\/product\/827"}],"collection":[{"href":"https:\/\/www.atvquadotwock.pl\/sklep\/wp-json\/wp\/v2\/product"}],"about":[{"href":"https:\/\/www.atvquadotwock.pl\/sklep\/wp-json\/wp\/v2\/types\/product"}],"wp:featuredmedia":[{"embeddable":true,"href":"https:\/\/www.atvquadotwock.pl\/sklep\/wp-json\/wp\/v2\/media\/828"}],"wp:attachment":[{"href":"https:\/\/www.atvquadotwock.pl\/sklep\/wp-json\/wp\/v2\/media?parent=827"}],"wp:term":[{"taxonomy":"product_cat","embeddable":true,"href":"https:\/\/www.atvquadotwock.pl\/sklep\/wp-json\/wp\/v2\/product_cat?post=827"},{"taxonomy":"product_tag","embeddable":true,"href":"https:\/\/www.atvquadotwock.pl\/sklep\/wp-json\/wp\/v2\/product_tag?post=827"},{"taxonomy":"woo-feed-brand","embeddable":true,"href":"https:\/\/www.atvquadotwock.pl\/sklep\/wp-json\/wp\/v2\/woo-feed-brand?post=827"}],"curies":[{"name":"wp","href":"https:\/\/api.w.org\/{rel}","templated":true}]}}