{"id":8267,"date":"2024-10-30T15:56:31","date_gmt":"2024-10-30T15:56:31","guid":{"rendered":"https:\/\/www.atvquadotwock.pl\/sklep\/?post_type=product&#038;p=8267"},"modified":"2025-02-07T09:18:41","modified_gmt":"2025-02-07T09:18:41","slug":"cfmoto-mt450-siedzenie-podwyzszane","status":"publish","type":"product","link":"https:\/\/www.atvquadotwock.pl\/sklep\/produkt\/cfmoto-mt450-siedzenie-podwyzszane\/","title":{"rendered":"CFMOTO MT450 SIEDZENIE podwy\u017cszane r\u00f3\u017cowy pasek"},"content":{"rendered":"<p>kod oem: 6AQV-807100-6000<\/p>\n","protected":false},"excerpt":{"rendered":"<p>kod oem: 6AQV-807100-6000<\/p>\n","protected":false},"featured_media":8268,"template":"","meta":{"spay_email":""},"product_cat":[139],"product_tag":[],"woo-feed-brand":[],"acf":[],"_links":{"self":[{"href":"https:\/\/www.atvquadotwock.pl\/sklep\/wp-json\/wp\/v2\/product\/8267"}],"collection":[{"href":"https:\/\/www.atvquadotwock.pl\/sklep\/wp-json\/wp\/v2\/product"}],"about":[{"href":"https:\/\/www.atvquadotwock.pl\/sklep\/wp-json\/wp\/v2\/types\/product"}],"wp:featuredmedia":[{"embeddable":true,"href":"https:\/\/www.atvquadotwock.pl\/sklep\/wp-json\/wp\/v2\/media\/8268"}],"wp:attachment":[{"href":"https:\/\/www.atvquadotwock.pl\/sklep\/wp-json\/wp\/v2\/media?parent=8267"}],"wp:term":[{"taxonomy":"product_cat","embeddable":true,"href":"https:\/\/www.atvquadotwock.pl\/sklep\/wp-json\/wp\/v2\/product_cat?post=8267"},{"taxonomy":"product_tag","embeddable":true,"href":"https:\/\/www.atvquadotwock.pl\/sklep\/wp-json\/wp\/v2\/product_tag?post=8267"},{"taxonomy":"woo-feed-brand","embeddable":true,"href":"https:\/\/www.atvquadotwock.pl\/sklep\/wp-json\/wp\/v2\/woo-feed-brand?post=8267"}],"curies":[{"name":"wp","href":"https:\/\/api.w.org\/{rel}","templated":true}]}}