{"id":812,"date":"2020-06-29T15:52:06","date_gmt":"2020-06-29T15:52:06","guid":{"rendered":"https:\/\/www.atvquadotwock.pl\/sklep\/?post_type=product&#038;p=812"},"modified":"2020-06-29T15:52:07","modified_gmt":"2020-06-29T15:52:07","slug":"zderzak-skrecany-na-line-wyciagarki","status":"publish","type":"product","link":"https:\/\/www.atvquadotwock.pl\/sklep\/produkt\/zderzak-skrecany-na-line-wyciagarki\/","title":{"rendered":"Zderzak skr\u0119cany na lin\u0119 wyci\u0105garki"},"content":{"rendered":"<p>Zderzak gumowy na liny wyci\u0105garek<\/p>\n<p>Zderzak sk\u0142ada si\u0119 z 2 po\u0142\u00f3wek wzajemnie ze sob\u0105 skr\u0119canych<br \/>\n\u015bruby wraz z kluczem w zestawie<br \/>\n\u015brednica wewn\u0119trzna 12mm &#8211; mo\u017cliwo\u015b\u0107 stosowania tak\u017ce do cie\u0144szych lin wyposa\u017conych w peszel zabezpieczaj\u0105cy<br \/>\nwszystkie nasze liny s\u0105 wyposa\u017cone taki peszel<\/p>\n","protected":false},"excerpt":{"rendered":"<p>Zderzak gumowy na liny wyci\u0105garek Zderzak sk\u0142ada si\u0119 z 2 po\u0142\u00f3wek wzajemnie ze sob\u0105 skr\u0119canych \u015bruby wraz z kluczem w&hellip;<\/p>\n","protected":false},"featured_media":816,"template":"","meta":{"spay_email":""},"product_cat":[39],"product_tag":[],"woo-feed-brand":[],"acf":[],"_links":{"self":[{"href":"https:\/\/www.atvquadotwock.pl\/sklep\/wp-json\/wp\/v2\/product\/812"}],"collection":[{"href":"https:\/\/www.atvquadotwock.pl\/sklep\/wp-json\/wp\/v2\/product"}],"about":[{"href":"https:\/\/www.atvquadotwock.pl\/sklep\/wp-json\/wp\/v2\/types\/product"}],"wp:featuredmedia":[{"embeddable":true,"href":"https:\/\/www.atvquadotwock.pl\/sklep\/wp-json\/wp\/v2\/media\/816"}],"wp:attachment":[{"href":"https:\/\/www.atvquadotwock.pl\/sklep\/wp-json\/wp\/v2\/media?parent=812"}],"wp:term":[{"taxonomy":"product_cat","embeddable":true,"href":"https:\/\/www.atvquadotwock.pl\/sklep\/wp-json\/wp\/v2\/product_cat?post=812"},{"taxonomy":"product_tag","embeddable":true,"href":"https:\/\/www.atvquadotwock.pl\/sklep\/wp-json\/wp\/v2\/product_tag?post=812"},{"taxonomy":"woo-feed-brand","embeddable":true,"href":"https:\/\/www.atvquadotwock.pl\/sklep\/wp-json\/wp\/v2\/woo-feed-brand?post=812"}],"curies":[{"name":"wp","href":"https:\/\/api.w.org\/{rel}","templated":true}]}}