{"id":8061,"date":"2024-09-27T11:58:00","date_gmt":"2024-09-27T11:58:00","guid":{"rendered":"https:\/\/www.atvquadotwock.pl\/sklep\/?post_type=product&#038;p=8061"},"modified":"2024-09-27T11:58:56","modified_gmt":"2024-09-27T11:58:56","slug":"zderzak-przedni-bumper-cfmoto-450-520-gen2-rival","status":"publish","type":"product","link":"https:\/\/www.atvquadotwock.pl\/sklep\/produkt\/zderzak-przedni-bumper-cfmoto-450-520-gen2-rival\/","title":{"rendered":"Zderzak przedni bumper cfmoto 450 520 gen2 RIVAL"},"content":{"rendered":"<p>zastosowanie: cfmoto cforce 450 520 gen2<\/p>\n<p>Zalety zderzak\u00f3w Rival<br \/>\nWytrzyma\u0142a konstrukcja przykr\u0119cana, nie wymaga wiercenia !!!<br \/>\nWiele punkt\u00f3w mocowania dla zwi\u0119kszenia wytrzyma\u0142o\u015bci<br \/>\nZintegrowane miejsca monta\u017cowe do mocowania dodatkowych lamp<br \/>\nOchrona reflektor\u00f3w pojazdu<br \/>\nwytrzyma\u0142a konstrukcja dostosowane indywidualnie do ka\u017cdego modelu<br \/>\nZaprojektowany do zastosowa\u0144 w rolnictwie, le\u015bnictwie lub wy\u015bcigach<\/p>\n","protected":false},"excerpt":{"rendered":"<p>zastosowanie: cfmoto cforce 450 520 gen2 Zalety zderzak\u00f3w Rival Wytrzyma\u0142a konstrukcja przykr\u0119cana, nie wymaga wiercenia !!! Wiele punkt\u00f3w mocowania dla&hellip;<\/p>\n","protected":false},"featured_media":8063,"template":"","meta":{"spay_email":""},"product_cat":[90,91,41],"product_tag":[],"woo-feed-brand":[],"acf":[],"_links":{"self":[{"href":"https:\/\/www.atvquadotwock.pl\/sklep\/wp-json\/wp\/v2\/product\/8061"}],"collection":[{"href":"https:\/\/www.atvquadotwock.pl\/sklep\/wp-json\/wp\/v2\/product"}],"about":[{"href":"https:\/\/www.atvquadotwock.pl\/sklep\/wp-json\/wp\/v2\/types\/product"}],"wp:featuredmedia":[{"embeddable":true,"href":"https:\/\/www.atvquadotwock.pl\/sklep\/wp-json\/wp\/v2\/media\/8063"}],"wp:attachment":[{"href":"https:\/\/www.atvquadotwock.pl\/sklep\/wp-json\/wp\/v2\/media?parent=8061"}],"wp:term":[{"taxonomy":"product_cat","embeddable":true,"href":"https:\/\/www.atvquadotwock.pl\/sklep\/wp-json\/wp\/v2\/product_cat?post=8061"},{"taxonomy":"product_tag","embeddable":true,"href":"https:\/\/www.atvquadotwock.pl\/sklep\/wp-json\/wp\/v2\/product_tag?post=8061"},{"taxonomy":"woo-feed-brand","embeddable":true,"href":"https:\/\/www.atvquadotwock.pl\/sklep\/wp-json\/wp\/v2\/woo-feed-brand?post=8061"}],"curies":[{"name":"wp","href":"https:\/\/api.w.org\/{rel}","templated":true}]}}