{"id":791,"date":"2020-06-27T12:54:49","date_gmt":"2020-06-27T12:54:49","guid":{"rendered":"https:\/\/www.atvquadotwock.pl\/sklep\/?post_type=product&#038;p=791"},"modified":"2024-01-20T12:28:08","modified_gmt":"2024-01-20T12:28:08","slug":"poszerzenia-blotnikow-cfmoto-850-1000-komplet-4-szt","status":"publish","type":"product","link":"https:\/\/www.atvquadotwock.pl\/sklep\/produkt\/poszerzenia-blotnikow-cfmoto-850-1000-komplet-4-szt\/","title":{"rendered":"Poszerzenia b\u0142otnik\u00f3w CFMOTO 850 1000 komplet 4 szt &#8211; orygina\u0142"},"content":{"rendered":"<p>Zestaw zawiera (4szt) oryginalnych poszerze\u0144 CFMOTO.<br \/>\n9AWA-260011<br \/>\n9AWA-260012<br \/>\n9AWA-260013<br \/>\n9AWA-260014<\/p>\n<p>Dodajemy spinki do zestawu.<\/p>\n","protected":false},"excerpt":{"rendered":"<p>Zestaw zawiera (4szt) oryginalnych poszerze\u0144 CFMOTO. 9AWA-260011 9AWA-260012 9AWA-260013 9AWA-260014 Dodajemy spinki do zestawu.<\/p>\n","protected":false},"featured_media":858,"template":"","meta":{"spay_email":""},"product_cat":[87],"product_tag":[],"woo-feed-brand":[],"acf":[],"_links":{"self":[{"href":"https:\/\/www.atvquadotwock.pl\/sklep\/wp-json\/wp\/v2\/product\/791"}],"collection":[{"href":"https:\/\/www.atvquadotwock.pl\/sklep\/wp-json\/wp\/v2\/product"}],"about":[{"href":"https:\/\/www.atvquadotwock.pl\/sklep\/wp-json\/wp\/v2\/types\/product"}],"wp:featuredmedia":[{"embeddable":true,"href":"https:\/\/www.atvquadotwock.pl\/sklep\/wp-json\/wp\/v2\/media\/858"}],"wp:attachment":[{"href":"https:\/\/www.atvquadotwock.pl\/sklep\/wp-json\/wp\/v2\/media?parent=791"}],"wp:term":[{"taxonomy":"product_cat","embeddable":true,"href":"https:\/\/www.atvquadotwock.pl\/sklep\/wp-json\/wp\/v2\/product_cat?post=791"},{"taxonomy":"product_tag","embeddable":true,"href":"https:\/\/www.atvquadotwock.pl\/sklep\/wp-json\/wp\/v2\/product_tag?post=791"},{"taxonomy":"woo-feed-brand","embeddable":true,"href":"https:\/\/www.atvquadotwock.pl\/sklep\/wp-json\/wp\/v2\/woo-feed-brand?post=791"}],"curies":[{"name":"wp","href":"https:\/\/api.w.org\/{rel}","templated":true}]}}