{"id":7897,"date":"2024-09-03T09:45:22","date_gmt":"2024-09-03T09:45:22","guid":{"rendered":"https:\/\/www.atvquadotwock.pl\/sklep\/?post_type=product&#038;p=7897"},"modified":"2025-09-02T11:13:58","modified_gmt":"2025-09-02T11:13:58","slug":"lampa-pozycyjna-tyl-cfmoto-850-gen3-1000","status":"publish","type":"product","link":"https:\/\/www.atvquadotwock.pl\/sklep\/produkt\/lampa-pozycyjna-tyl-cfmoto-850-gen3-1000\/","title":{"rendered":"lampa pozycyjna ty\u0142 CFMOTO 850 GEN3 1000"},"content":{"rendered":"<p>LAMPA POZYCYJNA POD\u015aWIETLANA. ZDEJMUJESZ za\u015blepk\u0119 z quada i zak\u0142adasz t\u0105 now\u0105 lampe wpinaj\u0105c w kostki wolne.<\/p>\n<p>&nbsp;<\/p>\n<p>&nbsp;<\/p>\n<p>9AWV-160430-8000<\/p>\n","protected":false},"excerpt":{"rendered":"<p>LAMPA POZYCYJNA POD\u015aWIETLANA. ZDEJMUJESZ za\u015blepk\u0119 z quada i zak\u0142adasz t\u0105 now\u0105 lampe wpinaj\u0105c w kostki wolne. &nbsp; &nbsp; 9AWV-160430-8000<\/p>\n","protected":false},"featured_media":7898,"template":"","meta":{"spay_email":""},"product_cat":[136],"product_tag":[],"woo-feed-brand":[],"acf":[],"_links":{"self":[{"href":"https:\/\/www.atvquadotwock.pl\/sklep\/wp-json\/wp\/v2\/product\/7897"}],"collection":[{"href":"https:\/\/www.atvquadotwock.pl\/sklep\/wp-json\/wp\/v2\/product"}],"about":[{"href":"https:\/\/www.atvquadotwock.pl\/sklep\/wp-json\/wp\/v2\/types\/product"}],"wp:featuredmedia":[{"embeddable":true,"href":"https:\/\/www.atvquadotwock.pl\/sklep\/wp-json\/wp\/v2\/media\/7898"}],"wp:attachment":[{"href":"https:\/\/www.atvquadotwock.pl\/sklep\/wp-json\/wp\/v2\/media?parent=7897"}],"wp:term":[{"taxonomy":"product_cat","embeddable":true,"href":"https:\/\/www.atvquadotwock.pl\/sklep\/wp-json\/wp\/v2\/product_cat?post=7897"},{"taxonomy":"product_tag","embeddable":true,"href":"https:\/\/www.atvquadotwock.pl\/sklep\/wp-json\/wp\/v2\/product_tag?post=7897"},{"taxonomy":"woo-feed-brand","embeddable":true,"href":"https:\/\/www.atvquadotwock.pl\/sklep\/wp-json\/wp\/v2\/woo-feed-brand?post=7897"}],"curies":[{"name":"wp","href":"https:\/\/api.w.org\/{rel}","templated":true}]}}