{"id":788,"date":"2020-06-27T12:49:07","date_gmt":"2020-06-27T12:49:07","guid":{"rendered":"https:\/\/www.atvquadotwock.pl\/sklep\/?post_type=product&#038;p=788"},"modified":"2021-02-10T11:48:58","modified_gmt":"2021-02-10T11:48:58","slug":"lozysko-piasty-kola-cfmoto-30499-03080","status":"publish","type":"product","link":"https:\/\/www.atvquadotwock.pl\/sklep\/produkt\/lozysko-piasty-kola-cfmoto-30499-03080\/","title":{"rendered":"\u0141o\u017cysko piasty ko\u0142a CFMOTO (30499-03080)"},"content":{"rendered":"<p>Pasuje do wi\u0119kszo\u015bci CFMOTO. Opr\u00f3cz tylnych \u0142o\u017cysk w CF1000 na wleczonym wahaczu.<\/p>\n<p>FIRMY PFI MADE IN USA.<\/p>\n<p>Stosujemy je na wypo\u017cyczalni od 15lat!<\/p>\n","protected":false},"excerpt":{"rendered":"<p>Pasuje do wi\u0119kszo\u015bci CFMOTO. Opr\u00f3cz tylnych \u0142o\u017cysk w CF1000 na wleczonym wahaczu. FIRMY PFI MADE IN USA. Stosujemy je na&hellip;<\/p>\n","protected":false},"featured_media":790,"template":"","meta":{"spay_email":""},"product_cat":[43],"product_tag":[],"woo-feed-brand":[],"acf":[],"_links":{"self":[{"href":"https:\/\/www.atvquadotwock.pl\/sklep\/wp-json\/wp\/v2\/product\/788"}],"collection":[{"href":"https:\/\/www.atvquadotwock.pl\/sklep\/wp-json\/wp\/v2\/product"}],"about":[{"href":"https:\/\/www.atvquadotwock.pl\/sklep\/wp-json\/wp\/v2\/types\/product"}],"wp:featuredmedia":[{"embeddable":true,"href":"https:\/\/www.atvquadotwock.pl\/sklep\/wp-json\/wp\/v2\/media\/790"}],"wp:attachment":[{"href":"https:\/\/www.atvquadotwock.pl\/sklep\/wp-json\/wp\/v2\/media?parent=788"}],"wp:term":[{"taxonomy":"product_cat","embeddable":true,"href":"https:\/\/www.atvquadotwock.pl\/sklep\/wp-json\/wp\/v2\/product_cat?post=788"},{"taxonomy":"product_tag","embeddable":true,"href":"https:\/\/www.atvquadotwock.pl\/sklep\/wp-json\/wp\/v2\/product_tag?post=788"},{"taxonomy":"woo-feed-brand","embeddable":true,"href":"https:\/\/www.atvquadotwock.pl\/sklep\/wp-json\/wp\/v2\/woo-feed-brand?post=788"}],"curies":[{"name":"wp","href":"https:\/\/api.w.org\/{rel}","templated":true}]}}