{"id":786,"date":"2020-06-27T12:45:03","date_gmt":"2020-06-27T12:45:03","guid":{"rendered":"https:\/\/www.atvquadotwock.pl\/sklep\/?post_type=product&#038;p=786"},"modified":"2020-08-27T15:30:03","modified_gmt":"2020-08-27T15:30:03","slug":"zebatka-z-walkiem-atak-dyferencjal-przod-cfmoto-450-520-q830-3100a0","status":"publish","type":"product","link":"https:\/\/www.atvquadotwock.pl\/sklep\/produkt\/zebatka-z-walkiem-atak-dyferencjal-przod-cfmoto-450-520-q830-3100a0\/","title":{"rendered":"Z\u0119batka z wa\u0142kiem atak dyferencja\u0142 prz\u00f3d Cfmoto 450 520 Q830-3100A0"},"content":{"rendered":"<p>Z\u0119batka z wa\u0142kiem atak dyferencja\u0142 prz\u00f3d Cfmoto 450 520 Q830-3100A0<\/p>\n","protected":false},"excerpt":{"rendered":"<p>Z\u0119batka z wa\u0142kiem atak dyferencja\u0142 prz\u00f3d Cfmoto 450 520 Q830-3100A0<\/p>\n","protected":false},"featured_media":787,"template":"","meta":{"spay_email":""},"product_cat":[90,91,92,93,38],"product_tag":[],"woo-feed-brand":[],"acf":[],"_links":{"self":[{"href":"https:\/\/www.atvquadotwock.pl\/sklep\/wp-json\/wp\/v2\/product\/786"}],"collection":[{"href":"https:\/\/www.atvquadotwock.pl\/sklep\/wp-json\/wp\/v2\/product"}],"about":[{"href":"https:\/\/www.atvquadotwock.pl\/sklep\/wp-json\/wp\/v2\/types\/product"}],"wp:featuredmedia":[{"embeddable":true,"href":"https:\/\/www.atvquadotwock.pl\/sklep\/wp-json\/wp\/v2\/media\/787"}],"wp:attachment":[{"href":"https:\/\/www.atvquadotwock.pl\/sklep\/wp-json\/wp\/v2\/media?parent=786"}],"wp:term":[{"taxonomy":"product_cat","embeddable":true,"href":"https:\/\/www.atvquadotwock.pl\/sklep\/wp-json\/wp\/v2\/product_cat?post=786"},{"taxonomy":"product_tag","embeddable":true,"href":"https:\/\/www.atvquadotwock.pl\/sklep\/wp-json\/wp\/v2\/product_tag?post=786"},{"taxonomy":"woo-feed-brand","embeddable":true,"href":"https:\/\/www.atvquadotwock.pl\/sklep\/wp-json\/wp\/v2\/woo-feed-brand?post=786"}],"curies":[{"name":"wp","href":"https:\/\/api.w.org\/{rel}","templated":true}]}}