{"id":7837,"date":"2024-08-23T07:09:22","date_gmt":"2024-08-23T07:09:22","guid":{"rendered":"https:\/\/www.atvquadotwock.pl\/sklep\/?post_type=product&#038;p=7837"},"modified":"2025-11-17T08:07:31","modified_gmt":"2025-11-17T08:07:31","slug":"kufer-oryginalny-do-cfmoto-450-520-850-1000-gen3","status":"publish","type":"product","link":"https:\/\/www.atvquadotwock.pl\/sklep\/produkt\/kufer-oryginalny-do-cfmoto-450-520-850-1000-gen3\/","title":{"rendered":"Kufer oryginalny do cfmoto 450\/520 850\/1000 gen3 goes 1000 terrox"},"content":{"rendered":"<p>100l pojemno\u015bci.<\/p>\n<p>pasuje oryginalnie bez wiercenia do! DO CFMOTO 450\/520 GEN2, CFMOTO 850 \/ 1000 GEN 3 ORAZ GOES 1000 TERROX. na szybko z\u0142\u0105czkach kt\u00f3re s\u0105 w zestawie.<\/p>\n<p>Pasuje te\u017c do innych pojazd\u00f3w po lekkich przer\u00f3bkach.<\/p>\n<p>kod oem: 9DQV-806100-3003<\/p>\n<p>&nbsp;<\/p>\n<p><iframe loading=\"lazy\" title=\"Kufer tylny oryginalny do CFMOTO quad\u00f3w CF MOTO 450 goes 500 terrox 520 gen3 850 gen2 625 i 1000\" width=\"1140\" height=\"641\" src=\"https:\/\/www.youtube.com\/embed\/E4G7015iAHA?feature=oembed\" frameborder=\"0\" allow=\"accelerometer; autoplay; clipboard-write; encrypted-media; gyroscope; picture-in-picture; web-share\" referrerpolicy=\"strict-origin-when-cross-origin\" allowfullscreen><\/iframe><\/p>\n<p>&nbsp;<\/p>\n<p><iframe loading=\"lazy\" title=\"Kufer tylny do GOES 1000 terrox ty\u0142 rear cargo box Cfmoto g3 gen3 schowek oryginalny cf moto 850 ATV\" width=\"1140\" height=\"641\" src=\"https:\/\/www.youtube.com\/embed\/9sLVPNr_jEQ?feature=oembed\" frameborder=\"0\" allow=\"accelerometer; autoplay; clipboard-write; encrypted-media; gyroscope; picture-in-picture; web-share\" referrerpolicy=\"strict-origin-when-cross-origin\" allowfullscreen><\/iframe><\/p>\n<p>&nbsp;<\/p>\n","protected":false},"excerpt":{"rendered":"<p>100l pojemno\u015bci. pasuje oryginalnie bez wiercenia do! DO CFMOTO 450\/520 GEN2, CFMOTO 850 \/ 1000 GEN 3 ORAZ GOES 1000&hellip;<\/p>\n","protected":false},"featured_media":7841,"template":"","meta":{"spay_email":""},"product_cat":[24],"product_tag":[],"woo-feed-brand":[],"acf":[],"_links":{"self":[{"href":"https:\/\/www.atvquadotwock.pl\/sklep\/wp-json\/wp\/v2\/product\/7837"}],"collection":[{"href":"https:\/\/www.atvquadotwock.pl\/sklep\/wp-json\/wp\/v2\/product"}],"about":[{"href":"https:\/\/www.atvquadotwock.pl\/sklep\/wp-json\/wp\/v2\/types\/product"}],"wp:featuredmedia":[{"embeddable":true,"href":"https:\/\/www.atvquadotwock.pl\/sklep\/wp-json\/wp\/v2\/media\/7841"}],"wp:attachment":[{"href":"https:\/\/www.atvquadotwock.pl\/sklep\/wp-json\/wp\/v2\/media?parent=7837"}],"wp:term":[{"taxonomy":"product_cat","embeddable":true,"href":"https:\/\/www.atvquadotwock.pl\/sklep\/wp-json\/wp\/v2\/product_cat?post=7837"},{"taxonomy":"product_tag","embeddable":true,"href":"https:\/\/www.atvquadotwock.pl\/sklep\/wp-json\/wp\/v2\/product_tag?post=7837"},{"taxonomy":"woo-feed-brand","embeddable":true,"href":"https:\/\/www.atvquadotwock.pl\/sklep\/wp-json\/wp\/v2\/woo-feed-brand?post=7837"}],"curies":[{"name":"wp","href":"https:\/\/api.w.org\/{rel}","templated":true}]}}