{"id":7807,"date":"2024-08-20T10:46:01","date_gmt":"2024-08-20T10:46:01","guid":{"rendered":"https:\/\/www.atvquadotwock.pl\/sklep\/?post_type=product&#038;p=7807"},"modified":"2025-02-10T13:22:15","modified_gmt":"2025-02-10T13:22:15","slug":"gmole-dolne-do-cfmoto-mt450-srebrne","status":"publish","type":"product","link":"https:\/\/www.atvquadotwock.pl\/sklep\/produkt\/gmole-dolne-do-cfmoto-mt450-srebrne\/","title":{"rendered":"gmole dolne do cfmoto mt450 srebrne"},"content":{"rendered":"<p>6AQV-801000-6001<\/p>\n<p>cena za par\u0119.<\/p>\n<p>ORYGINALNY PRODUKT CFMOTO!<\/p>\n<p>na innej aukcji. dost\u0119pne gmole g\u00f3rne<\/p>\n","protected":false},"excerpt":{"rendered":"<p>6AQV-801000-6001 cena za par\u0119. ORYGINALNY PRODUKT CFMOTO! na innej aukcji. dost\u0119pne gmole g\u00f3rne<\/p>\n","protected":false},"featured_media":7808,"template":"","meta":{"spay_email":""},"product_cat":[117],"product_tag":[],"woo-feed-brand":[],"acf":[],"_links":{"self":[{"href":"https:\/\/www.atvquadotwock.pl\/sklep\/wp-json\/wp\/v2\/product\/7807"}],"collection":[{"href":"https:\/\/www.atvquadotwock.pl\/sklep\/wp-json\/wp\/v2\/product"}],"about":[{"href":"https:\/\/www.atvquadotwock.pl\/sklep\/wp-json\/wp\/v2\/types\/product"}],"wp:featuredmedia":[{"embeddable":true,"href":"https:\/\/www.atvquadotwock.pl\/sklep\/wp-json\/wp\/v2\/media\/7808"}],"wp:attachment":[{"href":"https:\/\/www.atvquadotwock.pl\/sklep\/wp-json\/wp\/v2\/media?parent=7807"}],"wp:term":[{"taxonomy":"product_cat","embeddable":true,"href":"https:\/\/www.atvquadotwock.pl\/sklep\/wp-json\/wp\/v2\/product_cat?post=7807"},{"taxonomy":"product_tag","embeddable":true,"href":"https:\/\/www.atvquadotwock.pl\/sklep\/wp-json\/wp\/v2\/product_tag?post=7807"},{"taxonomy":"woo-feed-brand","embeddable":true,"href":"https:\/\/www.atvquadotwock.pl\/sklep\/wp-json\/wp\/v2\/woo-feed-brand?post=7807"}],"curies":[{"name":"wp","href":"https:\/\/api.w.org\/{rel}","templated":true}]}}