{"id":779,"date":"2020-06-27T12:38:10","date_gmt":"2020-06-27T12:38:10","guid":{"rendered":"https:\/\/www.atvquadotwock.pl\/sklep\/?post_type=product&#038;p=779"},"modified":"2020-11-05T14:38:07","modified_gmt":"2020-11-05T14:38:07","slug":"lozysko-jednokierunkowe-rozrusznika-cf-moto-500-x5-0180-091200-cf188-091200","status":"publish","type":"product","link":"https:\/\/www.atvquadotwock.pl\/sklep\/produkt\/lozysko-jednokierunkowe-rozrusznika-cf-moto-500-x5-0180-091200-cf188-091200\/","title":{"rendered":"\u0141O\u017bYSKO JEDNOKIERUNKOWE ROZRUSZNIKA CF MOTO 0180-091200 CF188-091200"},"content":{"rendered":"<p>\u0141O\u017bYSKO JEDNOKIERUNKOWE ROZRUSZNIKA 0180-091200 CF188-091200 POZYCJA NR 2 NA SCHEMACIE<br \/>\npasuje do r\u00f3\u017cnych modeli CFMOTO.<\/p>\n<p>Szukasz innych cz\u0119\u015bci do CFMOTO?<br \/>\nNapisz lub zadzwo\u0144. Tw\u00f3j autoryzowany dealer CFMOTO.<\/p>\n<p>Sklep ATV-QUAD<br \/>\n05-400 Otwock ul. \u0141ugi 82<br \/>\nCzynny<br \/>\nod Poniedzia\u0142ku do Pi\u0105tku<br \/>\n10:00 &#8211; 18:00<\/p>\n<p>Znajd\u017a nas na facebook.com\/quadyotwock<\/p>\n","protected":false},"excerpt":{"rendered":"<p>\u0141O\u017bYSKO JEDNOKIERUNKOWE ROZRUSZNIKA 0180-091200 CF188-091200 POZYCJA NR 2 NA SCHEMACIE pasuje do r\u00f3\u017cnych modeli CFMOTO. Szukasz innych cz\u0119\u015bci do CFMOTO?&hellip;<\/p>\n","protected":false},"featured_media":781,"template":"","meta":{"spay_email":""},"product_cat":[100,94,90,91,92,93,106],"product_tag":[],"woo-feed-brand":[],"acf":[],"_links":{"self":[{"href":"https:\/\/www.atvquadotwock.pl\/sklep\/wp-json\/wp\/v2\/product\/779"}],"collection":[{"href":"https:\/\/www.atvquadotwock.pl\/sklep\/wp-json\/wp\/v2\/product"}],"about":[{"href":"https:\/\/www.atvquadotwock.pl\/sklep\/wp-json\/wp\/v2\/types\/product"}],"wp:featuredmedia":[{"embeddable":true,"href":"https:\/\/www.atvquadotwock.pl\/sklep\/wp-json\/wp\/v2\/media\/781"}],"wp:attachment":[{"href":"https:\/\/www.atvquadotwock.pl\/sklep\/wp-json\/wp\/v2\/media?parent=779"}],"wp:term":[{"taxonomy":"product_cat","embeddable":true,"href":"https:\/\/www.atvquadotwock.pl\/sklep\/wp-json\/wp\/v2\/product_cat?post=779"},{"taxonomy":"product_tag","embeddable":true,"href":"https:\/\/www.atvquadotwock.pl\/sklep\/wp-json\/wp\/v2\/product_tag?post=779"},{"taxonomy":"woo-feed-brand","embeddable":true,"href":"https:\/\/www.atvquadotwock.pl\/sklep\/wp-json\/wp\/v2\/woo-feed-brand?post=779"}],"curies":[{"name":"wp","href":"https:\/\/api.w.org\/{rel}","templated":true}]}}