{"id":7743,"date":"2024-08-09T12:06:32","date_gmt":"2024-08-09T12:06:32","guid":{"rendered":"https:\/\/www.atvquadotwock.pl\/sklep\/?post_type=product&#038;p=7743"},"modified":"2024-08-09T12:10:01","modified_gmt":"2024-08-09T12:10:01","slug":"przedni-kufer-tesseract-cfmoto-cforce-800-1000-eps-g3-gen3","status":"publish","type":"product","link":"https:\/\/www.atvquadotwock.pl\/sklep\/produkt\/przedni-kufer-tesseract-cfmoto-cforce-800-1000-eps-g3-gen3\/","title":{"rendered":"Tylny kufer tesseract Cfmoto cforce 800 1000 EPS G3 gen3"},"content":{"rendered":"<p>Przedni kufer dedykowany do Cfmoto Cforce 800\/1000 EPS (2024) Generacja 3<\/p>\n<p>Kufer przedni przeznaczony jest do quada Cfmoto Cforce 800 1000 EPS (2024) generacji 3 i przeznaczony do transportu ma\u0142ego baga\u017cu. Cechy konstrukcyjne zapewniaj\u0105, \u017ce kufer nie przekracza wymiar\u00f3w pojazdu i jest idealnie zamontowany na przednim baga\u017cniku. Dodatkowo wysoko\u015b\u0107 kufra nie zas\u0142ania \u015bwiate\u0142 i nie ogranicza pola widzenia kierowcy.<\/p>\n<p>Waga kufra wynosi zaledwie 6,5 kg, wi\u0119c dodatkowe obci\u0105\u017cenie maski ATV jest znikome, co jest wa\u017cne dla zr\u00f3wnowa\u017cenia konstrukcji ATV. Kufer mocowany jest do baga\u017cnika na szybkoz\u0142\u0105cza, kt\u00f3re s\u0105 do\u0142\u0105czone do zestawu, co sprawia, \u017ce monta\u017c jest \u0142atwy i szybki.<\/p>\n<p>W komplecie z kufrem znajduj\u0105 si\u0119 2 mocne gumowe zamki. Dzi\u0119ki temu Twoje rzeczy b\u0119d\u0105 bezpieczne. Dodatkowo wodoodporna i py\u0142oszczelna gumowa uszczelka pokrywy zapewni czysto\u015b\u0107 i ochron\u0119 Twojego baga\u017cu w najbardziej wymagaj\u0105cych warunkach.<\/p>\n<p>Kompletny zestaw:<\/p>\n<p>Zamki gumowe &#8211; 2 szt.;<br \/>\n4 szybkoz\u0142\u0105cza;<\/p>\n<p>Wymiary: DxSxW 1110x535x195 mm<\/p>\n<p>Waga: 6,5 kg<\/p>\n<p>Pojemno\u015b\u0107: 47 l<\/p>\n","protected":false},"excerpt":{"rendered":"<p>Przedni kufer dedykowany do Cfmoto Cforce 800\/1000 EPS (2024) Generacja 3 Kufer przedni przeznaczony jest do quada Cfmoto Cforce 800&hellip;<\/p>\n","protected":false},"featured_media":7747,"template":"","meta":{"spay_email":""},"product_cat":[24],"product_tag":[],"woo-feed-brand":[],"acf":[],"_links":{"self":[{"href":"https:\/\/www.atvquadotwock.pl\/sklep\/wp-json\/wp\/v2\/product\/7743"}],"collection":[{"href":"https:\/\/www.atvquadotwock.pl\/sklep\/wp-json\/wp\/v2\/product"}],"about":[{"href":"https:\/\/www.atvquadotwock.pl\/sklep\/wp-json\/wp\/v2\/types\/product"}],"wp:featuredmedia":[{"embeddable":true,"href":"https:\/\/www.atvquadotwock.pl\/sklep\/wp-json\/wp\/v2\/media\/7747"}],"wp:attachment":[{"href":"https:\/\/www.atvquadotwock.pl\/sklep\/wp-json\/wp\/v2\/media?parent=7743"}],"wp:term":[{"taxonomy":"product_cat","embeddable":true,"href":"https:\/\/www.atvquadotwock.pl\/sklep\/wp-json\/wp\/v2\/product_cat?post=7743"},{"taxonomy":"product_tag","embeddable":true,"href":"https:\/\/www.atvquadotwock.pl\/sklep\/wp-json\/wp\/v2\/product_tag?post=7743"},{"taxonomy":"woo-feed-brand","embeddable":true,"href":"https:\/\/www.atvquadotwock.pl\/sklep\/wp-json\/wp\/v2\/woo-feed-brand?post=7743"}],"curies":[{"name":"wp","href":"https:\/\/api.w.org\/{rel}","templated":true}]}}