{"id":7734,"date":"2024-08-07T09:46:21","date_gmt":"2024-08-07T09:46:21","guid":{"rendered":"https:\/\/www.atvquadotwock.pl\/sklep\/?post_type=product&#038;p=7734"},"modified":"2024-08-07T09:46:46","modified_gmt":"2024-08-07T09:46:46","slug":"liqui-moly-10w40-street-1l","status":"publish","type":"product","link":"https:\/\/www.atvquadotwock.pl\/sklep\/produkt\/liqui-moly-10w40-street-1l\/","title":{"rendered":"Liqui moly 10w40 street 1l"},"content":{"rendered":"<p>Motorbike 4T 10W-40 uniwersalny olej silnikowy do motocykli I QUAD\u00d3W, wysokiej jako\u015bci baza oraz specjalnie opracowane dodatki zapewniaj\u0105 ochron\u0119 na najwy\u017cszym poziomie w ka\u017cdych warunkach eksploatacji. Olej mo\u017cna zastosowa\u0107 do silnika z mokrym sprz\u0119g\u0142em.<\/p>\n","protected":false},"excerpt":{"rendered":"<p>Motorbike 4T 10W-40 uniwersalny olej silnikowy do motocykli I QUAD\u00d3W, wysokiej jako\u015bci baza oraz specjalnie opracowane dodatki zapewniaj\u0105 ochron\u0119 na&hellip;<\/p>\n","protected":false},"featured_media":0,"template":"","meta":{"spay_email":""},"product_cat":[27],"product_tag":[],"woo-feed-brand":[],"acf":[],"_links":{"self":[{"href":"https:\/\/www.atvquadotwock.pl\/sklep\/wp-json\/wp\/v2\/product\/7734"}],"collection":[{"href":"https:\/\/www.atvquadotwock.pl\/sklep\/wp-json\/wp\/v2\/product"}],"about":[{"href":"https:\/\/www.atvquadotwock.pl\/sklep\/wp-json\/wp\/v2\/types\/product"}],"wp:attachment":[{"href":"https:\/\/www.atvquadotwock.pl\/sklep\/wp-json\/wp\/v2\/media?parent=7734"}],"wp:term":[{"taxonomy":"product_cat","embeddable":true,"href":"https:\/\/www.atvquadotwock.pl\/sklep\/wp-json\/wp\/v2\/product_cat?post=7734"},{"taxonomy":"product_tag","embeddable":true,"href":"https:\/\/www.atvquadotwock.pl\/sklep\/wp-json\/wp\/v2\/product_tag?post=7734"},{"taxonomy":"woo-feed-brand","embeddable":true,"href":"https:\/\/www.atvquadotwock.pl\/sklep\/wp-json\/wp\/v2\/woo-feed-brand?post=7734"}],"curies":[{"name":"wp","href":"https:\/\/api.w.org\/{rel}","templated":true}]}}