{"id":7615,"date":"2024-07-18T15:52:52","date_gmt":"2024-07-18T15:52:52","guid":{"rendered":"https:\/\/www.atvquadotwock.pl\/sklep\/?post_type=product&#038;p=7615"},"modified":"2024-07-22T08:21:31","modified_gmt":"2024-07-22T08:21:31","slug":"zderzak-bumper-przod-tyl-loncin-x-wolf-550-700-zestaw","status":"publish","type":"product","link":"https:\/\/www.atvquadotwock.pl\/sklep\/produkt\/zderzak-bumper-przod-tyl-loncin-x-wolf-550-700-zestaw\/","title":{"rendered":"ZESTAW Zderzak Bumper PRZ\u00d3D+ TY\u0141 LONCIN X-WOLF 550 700"},"content":{"rendered":"<p>ZESTAW BUMPER PRZ\u00d3D I TY\u0141 ZESTAW dedykowany DO LONCIN X-WOLF 700. W PAKIECIE TANIEJ! IDEALNA OCHRONA PRZED UDERZENIAMI<\/p>\n<p>pasuje r\u00f3wnie\u017c do loncin 550 (delikatnie nagi\u0105\u0107 bumper przedni, najlepiej 2 osoby \u017ceby montowa\u0142y)<\/p>\n<p>Posiada \u015brubki oraz mocowania do monta\u017cu.<\/p>\n<p>NIE TRZEBA NIC WIERCI\u0106. PASUJE W FABRYCZNE MOCOWANIA.<\/p>\n<p>MALOWANY PROSZKOWO. WYSOKA JAKO\u015a\u0106<\/p>\n<p>4.15 kg<\/p>\n","protected":false},"excerpt":{"rendered":"<p>ZESTAW BUMPER PRZ\u00d3D I TY\u0141 ZESTAW dedykowany DO LONCIN X-WOLF 700. W PAKIECIE TANIEJ! IDEALNA OCHRONA PRZED UDERZENIAMI pasuje r\u00f3wnie\u017c&hellip;<\/p>\n","protected":false},"featured_media":7612,"template":"","meta":{"spay_email":""},"product_cat":[41],"product_tag":[105],"woo-feed-brand":[],"acf":[],"_links":{"self":[{"href":"https:\/\/www.atvquadotwock.pl\/sklep\/wp-json\/wp\/v2\/product\/7615"}],"collection":[{"href":"https:\/\/www.atvquadotwock.pl\/sklep\/wp-json\/wp\/v2\/product"}],"about":[{"href":"https:\/\/www.atvquadotwock.pl\/sklep\/wp-json\/wp\/v2\/types\/product"}],"wp:featuredmedia":[{"embeddable":true,"href":"https:\/\/www.atvquadotwock.pl\/sklep\/wp-json\/wp\/v2\/media\/7612"}],"wp:attachment":[{"href":"https:\/\/www.atvquadotwock.pl\/sklep\/wp-json\/wp\/v2\/media?parent=7615"}],"wp:term":[{"taxonomy":"product_cat","embeddable":true,"href":"https:\/\/www.atvquadotwock.pl\/sklep\/wp-json\/wp\/v2\/product_cat?post=7615"},{"taxonomy":"product_tag","embeddable":true,"href":"https:\/\/www.atvquadotwock.pl\/sklep\/wp-json\/wp\/v2\/product_tag?post=7615"},{"taxonomy":"woo-feed-brand","embeddable":true,"href":"https:\/\/www.atvquadotwock.pl\/sklep\/wp-json\/wp\/v2\/woo-feed-brand?post=7615"}],"curies":[{"name":"wp","href":"https:\/\/api.w.org\/{rel}","templated":true}]}}