{"id":7571,"date":"2024-07-10T08:22:52","date_gmt":"2024-07-10T08:22:52","guid":{"rendered":"https:\/\/www.atvquadotwock.pl\/sklep\/?post_type=product&#038;p=7571"},"modified":"2024-07-10T08:23:37","modified_gmt":"2024-07-10T08:23:37","slug":"zderzak-bumper-przod-cfmoto-850-1000-xc-cf-moto-gen3-rival","status":"publish","type":"product","link":"https:\/\/www.atvquadotwock.pl\/sklep\/produkt\/zderzak-bumper-przod-cfmoto-850-1000-xc-cf-moto-gen3-rival\/","title":{"rendered":"Zderzak Bumper PRZ\u00d3D CFMOTO 850 1000 XC CF MOTO gen3 rival"},"content":{"rendered":"<p>w zestawie \u015brubki do monta\u017cu.<\/p>\n","protected":false},"excerpt":{"rendered":"<p>w zestawie \u015brubki do monta\u017cu.<\/p>\n","protected":false},"featured_media":7568,"template":"","meta":{"spay_email":""},"product_cat":[75,97,98,41],"product_tag":[105],"woo-feed-brand":[],"acf":[],"_links":{"self":[{"href":"https:\/\/www.atvquadotwock.pl\/sklep\/wp-json\/wp\/v2\/product\/7571"}],"collection":[{"href":"https:\/\/www.atvquadotwock.pl\/sklep\/wp-json\/wp\/v2\/product"}],"about":[{"href":"https:\/\/www.atvquadotwock.pl\/sklep\/wp-json\/wp\/v2\/types\/product"}],"wp:featuredmedia":[{"embeddable":true,"href":"https:\/\/www.atvquadotwock.pl\/sklep\/wp-json\/wp\/v2\/media\/7568"}],"wp:attachment":[{"href":"https:\/\/www.atvquadotwock.pl\/sklep\/wp-json\/wp\/v2\/media?parent=7571"}],"wp:term":[{"taxonomy":"product_cat","embeddable":true,"href":"https:\/\/www.atvquadotwock.pl\/sklep\/wp-json\/wp\/v2\/product_cat?post=7571"},{"taxonomy":"product_tag","embeddable":true,"href":"https:\/\/www.atvquadotwock.pl\/sklep\/wp-json\/wp\/v2\/product_tag?post=7571"},{"taxonomy":"woo-feed-brand","embeddable":true,"href":"https:\/\/www.atvquadotwock.pl\/sklep\/wp-json\/wp\/v2\/woo-feed-brand?post=7571"}],"curies":[{"name":"wp","href":"https:\/\/api.w.org\/{rel}","templated":true}]}}