{"id":7566,"date":"2024-07-10T08:17:48","date_gmt":"2024-07-10T08:17:48","guid":{"rendered":"https:\/\/www.atvquadotwock.pl\/sklep\/?post_type=product&#038;p=7566"},"modified":"2025-01-27T13:13:03","modified_gmt":"2025-01-27T13:13:03","slug":"zestaw-bumper-zderzaki-przod-i-tyl-do-cfmoto-850-1000-gen3-rival","status":"publish","type":"product","link":"https:\/\/www.atvquadotwock.pl\/sklep\/produkt\/zestaw-bumper-zderzaki-przod-i-tyl-do-cfmoto-850-1000-gen3-rival\/","title":{"rendered":"ZESTAW BUMPER zderzaki PRZ\u00d3D i TY\u0141 DO CFMOTO 850 1000 gen3 rival"},"content":{"rendered":"<p>zestaw Sk\u0142ada si\u0119 z przedniego oraz tylnego firmy RIVAL<br \/>\nw zestawie instrukcja monta\u017cu oraz \u015brubki.<\/p>\n<p>&nbsp;<\/p>\n<p>W ZESTAWIE TANIEJ!<\/p>\n","protected":false},"excerpt":{"rendered":"<blockquote><p>&nbsp;<\/p><\/blockquote>\n","protected":false},"featured_media":7567,"template":"","meta":{"spay_email":""},"product_cat":[41],"product_tag":[],"woo-feed-brand":[],"acf":[],"_links":{"self":[{"href":"https:\/\/www.atvquadotwock.pl\/sklep\/wp-json\/wp\/v2\/product\/7566"}],"collection":[{"href":"https:\/\/www.atvquadotwock.pl\/sklep\/wp-json\/wp\/v2\/product"}],"about":[{"href":"https:\/\/www.atvquadotwock.pl\/sklep\/wp-json\/wp\/v2\/types\/product"}],"wp:featuredmedia":[{"embeddable":true,"href":"https:\/\/www.atvquadotwock.pl\/sklep\/wp-json\/wp\/v2\/media\/7567"}],"wp:attachment":[{"href":"https:\/\/www.atvquadotwock.pl\/sklep\/wp-json\/wp\/v2\/media?parent=7566"}],"wp:term":[{"taxonomy":"product_cat","embeddable":true,"href":"https:\/\/www.atvquadotwock.pl\/sklep\/wp-json\/wp\/v2\/product_cat?post=7566"},{"taxonomy":"product_tag","embeddable":true,"href":"https:\/\/www.atvquadotwock.pl\/sklep\/wp-json\/wp\/v2\/product_tag?post=7566"},{"taxonomy":"woo-feed-brand","embeddable":true,"href":"https:\/\/www.atvquadotwock.pl\/sklep\/wp-json\/wp\/v2\/woo-feed-brand?post=7566"}],"curies":[{"name":"wp","href":"https:\/\/api.w.org\/{rel}","templated":true}]}}