{"id":7428,"date":"2024-06-14T08:55:34","date_gmt":"2024-06-14T08:55:34","guid":{"rendered":"https:\/\/www.atvquadotwock.pl\/sklep\/?post_type=product&#038;p=7428"},"modified":"2025-03-12T10:36:15","modified_gmt":"2025-03-12T10:36:15","slug":"przyczepka-na-2-quady-temared-do-1500kg-dmc-z-hamulcem","status":"publish","type":"product","link":"https:\/\/www.atvquadotwock.pl\/sklep\/produkt\/przyczepka-na-2-quady-temared-do-1500kg-dmc-z-hamulcem\/","title":{"rendered":"Przyczepka na 2 quady TEMARED quad DO 1500KG DMC z hamulcem."},"content":{"rendered":"<p>TEMARED QUAD 2 3020 to przyczepa quadowa z wytrzyma\u0142\u0105 ram\u0105 z blachy stalowej. Jest to dwuosiowa przyczepa do DMC 1500 kg, posiadaj\u0105ca \u015bci\u0105gane boczne orurowania do wjazdu 2 quadami po boku oraz wygodne uchwyty na quada. Idealna dla os\u00f3b, kt\u00f3re potrzebuj\u0105 przewie\u017a\u0107 dwa quady jednocze\u015bnie.<\/p>\n<p>PRZYCZEPA Z WZMOCNION\u0104 OSI\u0104 DO 1500KG, s\u0105 jeszcze ta\u0144sze warianty tej przyczepy. My zamawiamy odrazu najmocniejsz\u0105!<\/p>\n<p>Przy zakupie takiej przyczepki mo\u017cna wybra\u0107 DMC OD 800 DO 1500kg. Zadzwo\u0144 po szczeg\u00f3\u0142y!<\/p>\n<p>&nbsp;<\/p>\n<p>Wchodz\u0105 na ni\u0105 najwi\u0119ksze quady, oraz zforce oraz uforce od CFMOTO.<\/p>\n<p><iframe loading=\"lazy\" title=\"Przyczepa pod BUGGY SSV CFMOTO Zforce 950 1000 Temared QUAD 2 z hamulcem najazdowym.\" width=\"1140\" height=\"641\" src=\"https:\/\/www.youtube.com\/embed\/nan2B-ov4fQ?feature=oembed\" frameborder=\"0\" allow=\"accelerometer; autoplay; clipboard-write; encrypted-media; gyroscope; picture-in-picture; web-share\" referrerpolicy=\"strict-origin-when-cross-origin\" allowfullscreen><\/iframe><\/p>\n","protected":false},"excerpt":{"rendered":"<p>TEMARED QUAD 2 3020 to przyczepa quadowa z wytrzyma\u0142\u0105 ram\u0105 z blachy stalowej. Jest to dwuosiowa przyczepa do DMC 1500&hellip;<\/p>\n","protected":false},"featured_media":7429,"template":"","meta":{"spay_email":""},"product_cat":[140],"product_tag":[],"woo-feed-brand":[],"acf":[],"_links":{"self":[{"href":"https:\/\/www.atvquadotwock.pl\/sklep\/wp-json\/wp\/v2\/product\/7428"}],"collection":[{"href":"https:\/\/www.atvquadotwock.pl\/sklep\/wp-json\/wp\/v2\/product"}],"about":[{"href":"https:\/\/www.atvquadotwock.pl\/sklep\/wp-json\/wp\/v2\/types\/product"}],"wp:featuredmedia":[{"embeddable":true,"href":"https:\/\/www.atvquadotwock.pl\/sklep\/wp-json\/wp\/v2\/media\/7429"}],"wp:attachment":[{"href":"https:\/\/www.atvquadotwock.pl\/sklep\/wp-json\/wp\/v2\/media?parent=7428"}],"wp:term":[{"taxonomy":"product_cat","embeddable":true,"href":"https:\/\/www.atvquadotwock.pl\/sklep\/wp-json\/wp\/v2\/product_cat?post=7428"},{"taxonomy":"product_tag","embeddable":true,"href":"https:\/\/www.atvquadotwock.pl\/sklep\/wp-json\/wp\/v2\/product_tag?post=7428"},{"taxonomy":"woo-feed-brand","embeddable":true,"href":"https:\/\/www.atvquadotwock.pl\/sklep\/wp-json\/wp\/v2\/woo-feed-brand?post=7428"}],"curies":[{"name":"wp","href":"https:\/\/api.w.org\/{rel}","templated":true}]}}