{"id":7375,"date":"2024-06-01T11:24:53","date_gmt":"2024-06-01T11:24:53","guid":{"rendered":"https:\/\/www.atvquadotwock.pl\/sklep\/?post_type=product&#038;p=7375"},"modified":"2024-06-01T11:27:37","modified_gmt":"2024-06-01T11:27:37","slug":"poszerzenia-nadkoli-elastyczne-cfmoto-850-1000-gen2-tuningowe-zestaw","status":"publish","type":"product","link":"https:\/\/www.atvquadotwock.pl\/sklep\/produkt\/poszerzenia-nadkoli-elastyczne-cfmoto-850-1000-gen2-tuningowe-zestaw\/","title":{"rendered":"Poszerzenia nadkoli elastyczne CFMOTO 850 1000 gen2 tuningowe zestaw"},"content":{"rendered":"<p>W zestawie 4szt + spinki.<\/p>\n<p>Nadkola poszerza o 5cm. Idealna sprawa po monta\u017cu dystans\u00f3w k\u00f3\u0142 oraz r\u00f3wnie\u017c do ochrony przed b\u0142otem.<\/p>\n<p>Wykonane z mi\u0119kkiego plastiku, po uderzeniu wraca ponownie do swojego kszta\u0142tu.<\/p>\n<p><iframe loading=\"lazy\" title=\"Poszerzenia nadkoli CFMOTO 850 i 1000 cf moto poszerzenie b\u0142otnik\u00f3w fender flares 800xc x8 MP0371\" width=\"1140\" height=\"641\" src=\"https:\/\/www.youtube.com\/embed\/uAQ2sfjRbgA?feature=oembed\" frameborder=\"0\" allow=\"accelerometer; autoplay; clipboard-write; encrypted-media; gyroscope; picture-in-picture; web-share\" referrerpolicy=\"strict-origin-when-cross-origin\" allowfullscreen><\/iframe><\/p>\n<p>&nbsp;<\/p>\n<p>&nbsp;<\/p>\n","protected":false},"excerpt":{"rendered":"<p>W zestawie 4szt + spinki. Nadkola poszerza o 5cm. Idealna sprawa po monta\u017cu dystans\u00f3w k\u00f3\u0142 oraz r\u00f3wnie\u017c do ochrony przed&hellip;<\/p>\n","protected":false},"featured_media":5012,"template":"","meta":{"spay_email":""},"product_cat":[87],"product_tag":[],"woo-feed-brand":[],"acf":[],"_links":{"self":[{"href":"https:\/\/www.atvquadotwock.pl\/sklep\/wp-json\/wp\/v2\/product\/7375"}],"collection":[{"href":"https:\/\/www.atvquadotwock.pl\/sklep\/wp-json\/wp\/v2\/product"}],"about":[{"href":"https:\/\/www.atvquadotwock.pl\/sklep\/wp-json\/wp\/v2\/types\/product"}],"wp:featuredmedia":[{"embeddable":true,"href":"https:\/\/www.atvquadotwock.pl\/sklep\/wp-json\/wp\/v2\/media\/5012"}],"wp:attachment":[{"href":"https:\/\/www.atvquadotwock.pl\/sklep\/wp-json\/wp\/v2\/media?parent=7375"}],"wp:term":[{"taxonomy":"product_cat","embeddable":true,"href":"https:\/\/www.atvquadotwock.pl\/sklep\/wp-json\/wp\/v2\/product_cat?post=7375"},{"taxonomy":"product_tag","embeddable":true,"href":"https:\/\/www.atvquadotwock.pl\/sklep\/wp-json\/wp\/v2\/product_tag?post=7375"},{"taxonomy":"woo-feed-brand","embeddable":true,"href":"https:\/\/www.atvquadotwock.pl\/sklep\/wp-json\/wp\/v2\/woo-feed-brand?post=7375"}],"curies":[{"name":"wp","href":"https:\/\/api.w.org\/{rel}","templated":true}]}}