{"id":7373,"date":"2024-06-01T11:19:09","date_gmt":"2024-06-01T11:19:09","guid":{"rendered":"https:\/\/www.atvquadotwock.pl\/sklep\/?post_type=product&#038;p=7373"},"modified":"2024-07-10T08:25:06","modified_gmt":"2024-07-10T08:25:06","slug":"zderzak-bumper-tyl-cfmoto-850-1000-xc-cf-moto-gen3","status":"publish","type":"product","link":"https:\/\/www.atvquadotwock.pl\/sklep\/produkt\/zderzak-bumper-tyl-cfmoto-850-1000-xc-cf-moto-gen3\/","title":{"rendered":"Zderzak Bumper TY\u0141 CFMOTO 850 1000 XC CF MOTO gen3 storm"},"content":{"rendered":"<p>w zestawie \u015brubki do monta\u017cu.<\/p>\n<p>&nbsp;<\/p>\n<p><iframe loading=\"lazy\" title=\"Pierwszy tuning NOWEGO modelu CFMOTO 1000 &amp; 850 gen3 Bumpery zderzaki poszerzenia nadkoli\" width=\"1140\" height=\"641\" src=\"https:\/\/www.youtube.com\/embed\/G2dRPj0nUSQ?feature=oembed\" frameborder=\"0\" allow=\"accelerometer; autoplay; clipboard-write; encrypted-media; gyroscope; picture-in-picture; web-share\" referrerpolicy=\"strict-origin-when-cross-origin\" allowfullscreen><\/iframe><\/p>\n","protected":false},"excerpt":{"rendered":"<p>w zestawie \u015brubki do monta\u017cu. &nbsp;<\/p>\n","protected":false},"featured_media":7360,"template":"","meta":{"spay_email":""},"product_cat":[41],"product_tag":[105],"woo-feed-brand":[],"acf":[],"_links":{"self":[{"href":"https:\/\/www.atvquadotwock.pl\/sklep\/wp-json\/wp\/v2\/product\/7373"}],"collection":[{"href":"https:\/\/www.atvquadotwock.pl\/sklep\/wp-json\/wp\/v2\/product"}],"about":[{"href":"https:\/\/www.atvquadotwock.pl\/sklep\/wp-json\/wp\/v2\/types\/product"}],"wp:featuredmedia":[{"embeddable":true,"href":"https:\/\/www.atvquadotwock.pl\/sklep\/wp-json\/wp\/v2\/media\/7360"}],"wp:attachment":[{"href":"https:\/\/www.atvquadotwock.pl\/sklep\/wp-json\/wp\/v2\/media?parent=7373"}],"wp:term":[{"taxonomy":"product_cat","embeddable":true,"href":"https:\/\/www.atvquadotwock.pl\/sklep\/wp-json\/wp\/v2\/product_cat?post=7373"},{"taxonomy":"product_tag","embeddable":true,"href":"https:\/\/www.atvquadotwock.pl\/sklep\/wp-json\/wp\/v2\/product_tag?post=7373"},{"taxonomy":"woo-feed-brand","embeddable":true,"href":"https:\/\/www.atvquadotwock.pl\/sklep\/wp-json\/wp\/v2\/woo-feed-brand?post=7373"}],"curies":[{"name":"wp","href":"https:\/\/api.w.org\/{rel}","templated":true}]}}