{"id":7099,"date":"2024-04-13T14:36:04","date_gmt":"2024-04-13T14:36:04","guid":{"rendered":"https:\/\/www.atvquadotwock.pl\/sklep\/?post_type=product&#038;p=7099"},"modified":"2024-04-13T14:36:55","modified_gmt":"2024-04-13T14:36:55","slug":"koncowka-wydechu-tlumika-loncin-700","status":"publish","type":"product","link":"https:\/\/www.atvquadotwock.pl\/sklep\/produkt\/koncowka-wydechu-tlumika-loncin-700\/","title":{"rendered":"KO\u0143C\u00d3WKA WYDECHU t\u0142umika LONCIN 700"},"content":{"rendered":"<p>Ko\u0144c\u00f3wka wydechu z nierdzewki! Lepszy d\u017awi\u0119k bassowy. Pasuje do LONCIN 700<\/p>\n<p>&nbsp;<\/p>\n","protected":false},"excerpt":{"rendered":"<p>Ko\u0144c\u00f3wka wydechu z nierdzewki! Lepszy d\u017awi\u0119k bassowy. Pasuje do LONCIN 700 &nbsp;<\/p>\n","protected":false},"featured_media":3707,"template":"","meta":{"spay_email":""},"product_cat":[123,90,91,92,93,106,95,96,97,98,107,111,113,108,110,31],"product_tag":[],"woo-feed-brand":[],"acf":[],"_links":{"self":[{"href":"https:\/\/www.atvquadotwock.pl\/sklep\/wp-json\/wp\/v2\/product\/7099"}],"collection":[{"href":"https:\/\/www.atvquadotwock.pl\/sklep\/wp-json\/wp\/v2\/product"}],"about":[{"href":"https:\/\/www.atvquadotwock.pl\/sklep\/wp-json\/wp\/v2\/types\/product"}],"wp:featuredmedia":[{"embeddable":true,"href":"https:\/\/www.atvquadotwock.pl\/sklep\/wp-json\/wp\/v2\/media\/3707"}],"wp:attachment":[{"href":"https:\/\/www.atvquadotwock.pl\/sklep\/wp-json\/wp\/v2\/media?parent=7099"}],"wp:term":[{"taxonomy":"product_cat","embeddable":true,"href":"https:\/\/www.atvquadotwock.pl\/sklep\/wp-json\/wp\/v2\/product_cat?post=7099"},{"taxonomy":"product_tag","embeddable":true,"href":"https:\/\/www.atvquadotwock.pl\/sklep\/wp-json\/wp\/v2\/product_tag?post=7099"},{"taxonomy":"woo-feed-brand","embeddable":true,"href":"https:\/\/www.atvquadotwock.pl\/sklep\/wp-json\/wp\/v2\/woo-feed-brand?post=7099"}],"curies":[{"name":"wp","href":"https:\/\/api.w.org\/{rel}","templated":true}]}}