{"id":6833,"date":"2024-03-07T15:44:37","date_gmt":"2024-03-07T15:44:37","guid":{"rendered":"https:\/\/www.atvquadotwock.pl\/sklep\/?post_type=product&#038;p=6833"},"modified":"2024-07-22T08:20:33","modified_gmt":"2024-07-22T08:20:33","slug":"zderzak-bumper-tyl-loncin-x-wolf-700-2024-storm-kopia","status":"publish","type":"product","link":"https:\/\/www.atvquadotwock.pl\/sklep\/produkt\/zderzak-bumper-tyl-loncin-x-wolf-700-2024-storm-kopia\/","title":{"rendered":"Zderzak Bumper TY\u0141 LONCIN X-WOLF 550 700"},"content":{"rendered":"<p>BUMPER TY\u0141 DO LONCIN X-WOLF 700<\/p>\n<p>pasuje r\u00f3wnie\u017c do LONCIN 550<\/p>\n<p>Posiada \u015brubki oraz mocowania do monta\u017cu.<\/p>\n<p>NIE TRZEBA NIC WIERCI\u0106. PASUJE W FABRYCZNE MOCOWANIA.<\/p>\n<p>MALOWANY PROSZKOWO. WYSOKA JAKO\u015a\u0106<\/p>\n<p>4.15 kg<\/p>\n","protected":false},"excerpt":{"rendered":"<p>BUMPER TY\u0141 DO LONCIN X-WOLF 700 pasuje r\u00f3wnie\u017c do LONCIN 550 Posiada \u015brubki oraz mocowania do monta\u017cu. NIE TRZEBA NIC&hellip;<\/p>\n","protected":false},"featured_media":7613,"template":"","meta":{"spay_email":""},"product_cat":[128,41],"product_tag":[105],"woo-feed-brand":[],"acf":[],"_links":{"self":[{"href":"https:\/\/www.atvquadotwock.pl\/sklep\/wp-json\/wp\/v2\/product\/6833"}],"collection":[{"href":"https:\/\/www.atvquadotwock.pl\/sklep\/wp-json\/wp\/v2\/product"}],"about":[{"href":"https:\/\/www.atvquadotwock.pl\/sklep\/wp-json\/wp\/v2\/types\/product"}],"wp:featuredmedia":[{"embeddable":true,"href":"https:\/\/www.atvquadotwock.pl\/sklep\/wp-json\/wp\/v2\/media\/7613"}],"wp:attachment":[{"href":"https:\/\/www.atvquadotwock.pl\/sklep\/wp-json\/wp\/v2\/media?parent=6833"}],"wp:term":[{"taxonomy":"product_cat","embeddable":true,"href":"https:\/\/www.atvquadotwock.pl\/sklep\/wp-json\/wp\/v2\/product_cat?post=6833"},{"taxonomy":"product_tag","embeddable":true,"href":"https:\/\/www.atvquadotwock.pl\/sklep\/wp-json\/wp\/v2\/product_tag?post=6833"},{"taxonomy":"woo-feed-brand","embeddable":true,"href":"https:\/\/www.atvquadotwock.pl\/sklep\/wp-json\/wp\/v2\/woo-feed-brand?post=6833"}],"curies":[{"name":"wp","href":"https:\/\/api.w.org\/{rel}","templated":true}]}}