{"id":6830,"date":"2024-03-07T15:38:23","date_gmt":"2024-03-07T15:38:23","guid":{"rendered":"https:\/\/www.atvquadotwock.pl\/sklep\/?post_type=product&#038;p=6830"},"modified":"2024-07-18T15:52:45","modified_gmt":"2024-07-18T15:52:45","slug":"zderzak-bumper-przod-loncin-x-wolf-700-2024-storm","status":"publish","type":"product","link":"https:\/\/www.atvquadotwock.pl\/sklep\/produkt\/zderzak-bumper-przod-loncin-x-wolf-700-2024-storm\/","title":{"rendered":"Zderzak Bumper PRZ\u00d3D LONCIN X-WOLF 550 700"},"content":{"rendered":"<p>BUMPER PRZ\u00d3D DO dedykowany LONCIN X-WOLF 700<\/p>\n<p>pasuje r\u00f3wnie\u017c do loncin 550 na drugim zdj\u0119ciu (delikatnie nagi\u0105\u0107 bumper, najlepiej 2 osoby \u017ceby montowa\u0142y)<\/p>\n<p>Posiada \u015brubki oraz mocowania do monta\u017cu.<\/p>\n<p>NIE TRZEBA NIC WIERCI\u0106. PASUJE W FABRYCZNE MOCOWANIA.<\/p>\n<p>MALOWANY PROSZKOWO. WYSOKA JAKO\u015a\u0106<\/p>\n<p>4.15 kg<\/p>\n","protected":false},"excerpt":{"rendered":"<p>BUMPER PRZ\u00d3D DO dedykowany LONCIN X-WOLF 700 pasuje r\u00f3wnie\u017c do loncin 550 na drugim zdj\u0119ciu (delikatnie nagi\u0105\u0107 bumper, najlepiej 2&hellip;<\/p>\n","protected":false},"featured_media":7612,"template":"","meta":{"spay_email":""},"product_cat":[41],"product_tag":[105],"woo-feed-brand":[],"acf":[],"_links":{"self":[{"href":"https:\/\/www.atvquadotwock.pl\/sklep\/wp-json\/wp\/v2\/product\/6830"}],"collection":[{"href":"https:\/\/www.atvquadotwock.pl\/sklep\/wp-json\/wp\/v2\/product"}],"about":[{"href":"https:\/\/www.atvquadotwock.pl\/sklep\/wp-json\/wp\/v2\/types\/product"}],"wp:featuredmedia":[{"embeddable":true,"href":"https:\/\/www.atvquadotwock.pl\/sklep\/wp-json\/wp\/v2\/media\/7612"}],"wp:attachment":[{"href":"https:\/\/www.atvquadotwock.pl\/sklep\/wp-json\/wp\/v2\/media?parent=6830"}],"wp:term":[{"taxonomy":"product_cat","embeddable":true,"href":"https:\/\/www.atvquadotwock.pl\/sklep\/wp-json\/wp\/v2\/product_cat?post=6830"},{"taxonomy":"product_tag","embeddable":true,"href":"https:\/\/www.atvquadotwock.pl\/sklep\/wp-json\/wp\/v2\/product_tag?post=6830"},{"taxonomy":"woo-feed-brand","embeddable":true,"href":"https:\/\/www.atvquadotwock.pl\/sklep\/wp-json\/wp\/v2\/woo-feed-brand?post=6830"}],"curies":[{"name":"wp","href":"https:\/\/api.w.org\/{rel}","templated":true}]}}