{"id":5513,"date":"2023-05-18T07:39:06","date_gmt":"2023-05-18T07:39:06","guid":{"rendered":"https:\/\/www.atvquadotwock.pl\/sklep\/?post_type=product&#038;p=5513"},"modified":"2024-08-05T09:50:12","modified_gmt":"2024-08-05T09:50:12","slug":"motocykl-cfmoto-clx-700","status":"publish","type":"product","link":"https:\/\/www.atvquadotwock.pl\/sklep\/produkt\/motocykl-cfmoto-clx-700\/","title":{"rendered":"Wyprzeda\u017c MOTOCYKL CFMOTO CLX 700"},"content":{"rendered":"<p>X oznacza nieznane, czy wzywa nas do niesko\u0144czonych mo\u017cliwo\u015bci? 700 CL-X Heritage to po\u0142\u0105czenie klasycznego motocykla z nowoczesno\u015bci\u0105. Zdecydowanie zalicza si\u0119 do klasy wy\u017cszej, nie tylko ze wzgl\u0119du na design, ale tak\u017ce niesko\u0144czon\u0105 funkcjonalno\u015b\u0107. 700 CL-X Heritage posiada m.in. elektroniczn\u0105 przepustnic\u0119 ride-by-wire, regulowane zawieszenie KYB, \u015bwiat\u0142a LED, tempomat i dwa tryby jazdy (sport oraz adventure). Wygodne siedzenie i idealne u\u0142o\u017cenie na motocyklu tylko zwi\u0119kszaj\u0105 komfort podr\u00f3\u017cy. Wykorzystaj mo\u017cliwo\u015bci, przekraczaj granice i odwa\u017c si\u0119 odkrywa\u0107 zr\u00f3\u017cnicowany teren razem z CFMOTO Polska!<\/p>\n<p>700 CL-X Heritage \u0142\u0105czy klasyczny styl z nowoczesnymi technologiami. Posiada silnik ch\u0142odzony ciecz\u0105, 6-biegow\u0105 skrzyni\u0119 bieg\u00f3w oraz system wtrysku paliwa, co zapewnia wydajn\u0105 i p\u0142ynn\u0105 jazd\u0119. Zawieszenie z przodu i z ty\u0142u jest regulowane, co pozwala na dostosowanie motocykla do indywidualnych potrzeb. Dodatkowo, motocykl wyposa\u017cony jest w system ABS oraz kontrol\u0119 trakcji, co zwi\u0119ksza bezpiecze\u0144stwo podczas jazdy.<\/p>\n<p>&nbsp;<\/p>\n<div class=\"specification__Row-sc-1qyw43l-1 itBgeR\">\n<h4 class=\"typography__Heading-sc-xchk67-0 lbZMkX\">SPECYFIKACJA<\/h4>\n<p>PODSTAWOWE PARAMETRY<span class=\"image__ImageWrapper-sc-r0yiu2-1 bWVRqo icon__StyledIcon-sc-y8udn2-0 kYaWkb\"><img class=\"image__ImageInner-sc-r0yiu2-0 dBKKB\" src=\"data:image\/svg+xml;base64,PHN2ZyB4bWxucz0iaHR0cDovL3d3dy53My5vcmcvMjAwMC9zdmciCiAgICB4bWxuczp4bGluaz0iaHR0cDovL3d3dy53My5vcmcvMTk5OS94bGluayIgd2lkdGg9IjEycHgiIGhlaWdodD0iMTdweCI+CiAgICA8cGF0aCBmaWxsLXJ1bGU9ImV2ZW5vZGQiIGZpbGw9InJnYigyNTUsIDI1NSwgMjU1KSIgZD0iTTAuOTYyLDIuNDcyIEwzLjA4MywwLjM1MSBMMTEuMDM4LDguMzA1IEw4LjkxNywxMC40MjcgTDAuOTYyLDIuNDcyIFoiLz4KICAgIDxwYXRoIGZpbGwtcnVsZT0iZXZlbm9kZCIgZmlsbD0icmdiKDI1NSwgMjU1LCAyNTUpIiBkPSJNOS4xOTcsNi41MTQgTDExLjI0OSw4LjU2NyBMMy41NTMsMTYuMjYzIEwxLjUwMSwxNC4yMTEgTDkuMTk3LDYuNTE0IFoiLz4KPC9zdmc+\" alt=\"\" \/><\/span><\/p>\n<\/div>\n<div class=\"accordion\" data-accordion-component=\"Accordion\">\n<div class=\"specification__StyledAccordionItem-sc-1qyw43l-3 fMdkGu\" data-accordion-component=\"AccordionItem\">\n<div id=\"accordion__panel-:Rd26:\" class=\"specification__StyledAccordionItemPanel-sc-1qyw43l-5 eavoBI\" data-accordion-component=\"AccordionItemPanel\">\n<div class=\"specification__TechnicalDataItem-sc-1qyw43l-6 deiaMj\">\n<p class=\"typography__Text-sc-xchk67-1 cnKysE\">TYP SILNIKA<\/p>\n<p class=\"typography__Text-sc-xchk67-1 hfniXA\">Dwucylindrowy, rz\u0119dowy, ch\u0142odzony ciecz\u0105<\/p>\n<\/div>\n<div class=\"specification__TechnicalDataItem-sc-1qyw43l-6 deiaMj\">\n<p class=\"typography__Text-sc-xchk67-1 cnKysE\">POJEMNO\u015a\u0106<\/p>\n<p class=\"typography__Text-sc-xchk67-1 hfniXA\">693 cc<\/p>\n<\/div>\n<div class=\"specification__TechnicalDataItem-sc-1qyw43l-6 deiaMj\">\n<p class=\"typography__Text-sc-xchk67-1 cnKysE\">MAKSYMALNA MOC<\/p>\n<p class=\"typography__Text-sc-xchk67-1 hfniXA\">71 KM \/ 8750 rpm<\/p>\n<\/div>\n<div class=\"specification__TechnicalDataItem-sc-1qyw43l-6 deiaMj\">\n<p class=\"typography__Text-sc-xchk67-1 cnKysE\">D\u0141UGO\u015a\u0106 X SZEROKO\u015a\u0106 X WYSOKO\u015a\u0106<\/p>\n<p class=\"typography__Text-sc-xchk67-1 hfniXA\">2107 x 887 x 1200 mm<\/p>\n<\/div>\n<div class=\"specification__TechnicalDataItem-sc-1qyw43l-6 deiaMj\">\n<p class=\"typography__Text-sc-xchk67-1 cnKysE\">MASA<\/p>\n<p class=\"typography__Text-sc-xchk67-1 hfniXA\">196 kg<\/p>\n<\/div>\n<\/div>\n<\/div>\n<\/div>\n<p>&nbsp;<\/p>\n","protected":false},"excerpt":{"rendered":"<p>X oznacza nieznane, czy wzywa nas do niesko\u0144czonych mo\u017cliwo\u015bci? 700 CL-X Heritage to po\u0142\u0105czenie klasycznego motocykla z nowoczesno\u015bci\u0105. Zdecydowanie zalicza&hellip;<\/p>\n","protected":false},"featured_media":5514,"template":"","meta":{"spay_email":""},"product_cat":[117],"product_tag":[],"woo-feed-brand":[],"acf":[],"_links":{"self":[{"href":"https:\/\/www.atvquadotwock.pl\/sklep\/wp-json\/wp\/v2\/product\/5513"}],"collection":[{"href":"https:\/\/www.atvquadotwock.pl\/sklep\/wp-json\/wp\/v2\/product"}],"about":[{"href":"https:\/\/www.atvquadotwock.pl\/sklep\/wp-json\/wp\/v2\/types\/product"}],"wp:featuredmedia":[{"embeddable":true,"href":"https:\/\/www.atvquadotwock.pl\/sklep\/wp-json\/wp\/v2\/media\/5514"}],"wp:attachment":[{"href":"https:\/\/www.atvquadotwock.pl\/sklep\/wp-json\/wp\/v2\/media?parent=5513"}],"wp:term":[{"taxonomy":"product_cat","embeddable":true,"href":"https:\/\/www.atvquadotwock.pl\/sklep\/wp-json\/wp\/v2\/product_cat?post=5513"},{"taxonomy":"product_tag","embeddable":true,"href":"https:\/\/www.atvquadotwock.pl\/sklep\/wp-json\/wp\/v2\/product_tag?post=5513"},{"taxonomy":"woo-feed-brand","embeddable":true,"href":"https:\/\/www.atvquadotwock.pl\/sklep\/wp-json\/wp\/v2\/woo-feed-brand?post=5513"}],"curies":[{"name":"wp","href":"https:\/\/api.w.org\/{rel}","templated":true}]}}