{"id":5480,"date":"2023-05-15T11:19:32","date_gmt":"2023-05-15T11:19:32","guid":{"rendered":"https:\/\/www.atvquadotwock.pl\/sklep\/?post_type=product&#038;p=5480"},"modified":"2023-05-15T11:19:32","modified_gmt":"2023-05-15T11:19:32","slug":"adapter-czujnika-wody-22mm-do-koso","status":"publish","type":"product","link":"https:\/\/www.atvquadotwock.pl\/sklep\/produkt\/adapter-czujnika-wody-22mm-do-koso\/","title":{"rendered":"adapter czujnika wody 22mm do KOSO"},"content":{"rendered":"<p>ADAPTER CZUJNIKA TEMPERATURY 1\/8&#8243; 22MM ALU CNC<\/p>\n<p>Pasuje jak najbardziej do CFMOTO, ODES i innych quad\u00f3w. Jest na w\u0105\u017c wodny 22mm.<\/p>\n","protected":false},"excerpt":{"rendered":"<p>ADAPTER CZUJNIKA TEMPERATURY 1\/8&#8243; 22MM ALU CNC Pasuje jak najbardziej do CFMOTO, ODES i innych quad\u00f3w. Jest na w\u0105\u017c wodny&hellip;<\/p>\n","protected":false},"featured_media":5482,"template":"","meta":{"spay_email":""},"product_cat":[20],"product_tag":[],"woo-feed-brand":[],"acf":[],"_links":{"self":[{"href":"https:\/\/www.atvquadotwock.pl\/sklep\/wp-json\/wp\/v2\/product\/5480"}],"collection":[{"href":"https:\/\/www.atvquadotwock.pl\/sklep\/wp-json\/wp\/v2\/product"}],"about":[{"href":"https:\/\/www.atvquadotwock.pl\/sklep\/wp-json\/wp\/v2\/types\/product"}],"wp:featuredmedia":[{"embeddable":true,"href":"https:\/\/www.atvquadotwock.pl\/sklep\/wp-json\/wp\/v2\/media\/5482"}],"wp:attachment":[{"href":"https:\/\/www.atvquadotwock.pl\/sklep\/wp-json\/wp\/v2\/media?parent=5480"}],"wp:term":[{"taxonomy":"product_cat","embeddable":true,"href":"https:\/\/www.atvquadotwock.pl\/sklep\/wp-json\/wp\/v2\/product_cat?post=5480"},{"taxonomy":"product_tag","embeddable":true,"href":"https:\/\/www.atvquadotwock.pl\/sklep\/wp-json\/wp\/v2\/product_tag?post=5480"},{"taxonomy":"woo-feed-brand","embeddable":true,"href":"https:\/\/www.atvquadotwock.pl\/sklep\/wp-json\/wp\/v2\/woo-feed-brand?post=5480"}],"curies":[{"name":"wp","href":"https:\/\/api.w.org\/{rel}","templated":true}]}}